{"id":566,"date":"2023-07-18T15:47:13","date_gmt":"2023-07-18T13:47:13","guid":{"rendered":"https:\/\/yes-we-care-lille.com\/?page_id=566"},"modified":"2023-07-18T15:53:53","modified_gmt":"2023-07-18T13:53:53","slug":"take-care","status":"publish","type":"page","link":"https:\/\/yes-we-care-lille.com\/?page_id=566","title":{"rendered":"TAKE CARE"},"content":{"rendered":"\t\t<div data-elementor-type=\"wp-page\" data-elementor-id=\"566\" class=\"elementor elementor-566\">\n\t\t\t\t\t\t<section class=\"elementor-section elementor-top-section elementor-element elementor-element-b6fe539 elementor-section-boxed elementor-section-height-default elementor-section-height-default\" data-id=\"b6fe539\" data-element_type=\"section\">\n\t\t\t\t\t\t<div class=\"elementor-container elementor-column-gap-default\">\n\t\t\t\t\t<div class=\"elementor-column elementor-col-100 elementor-top-column elementor-element elementor-element-1b8dcc1\" data-id=\"1b8dcc1\" data-element_type=\"column\">\n\t\t\t<div class=\"elementor-widget-wrap elementor-element-populated\">\n\t\t\t\t\t\t<div class=\"elementor-element elementor-element-5701f7c elementor-widget elementor-widget-video\" data-id=\"5701f7c\" data-element_type=\"widget\" data-settings=\"{&quot;youtube_url&quot;:&quot;https:\\\/\\\/youtu.be\\\/L5vxs0bxOp0&quot;,&quot;video_type&quot;:&quot;youtube&quot;,&quot;controls&quot;:&quot;yes&quot;}\" data-widget_type=\"video.default\">\n\t\t\t\t<div class=\"elementor-widget-container\">\n\t\t\t<style>\/*! elementor - v3.19.0 - 07-02-2024 *\/\n.elementor-widget-video .elementor-widget-container{overflow:hidden;transform:translateZ(0)}.elementor-widget-video .elementor-wrapper{aspect-ratio:var(--video-aspect-ratio)}.elementor-widget-video .elementor-wrapper iframe,.elementor-widget-video .elementor-wrapper video{height:100%;width:100%;display:flex;border:none;background-color:#000}@supports not (aspect-ratio:1\/1){.elementor-widget-video .elementor-wrapper{position:relative;overflow:hidden;height:0;padding-bottom:calc(100% \/ var(--video-aspect-ratio))}.elementor-widget-video .elementor-wrapper iframe,.elementor-widget-video .elementor-wrapper video{position:absolute;top:0;right:0;bottom:0;left:0}}.elementor-widget-video .elementor-open-inline .elementor-custom-embed-image-overlay{position:absolute;top:0;right:0;bottom:0;left:0;background-size:cover;background-position:50%}.elementor-widget-video .elementor-custom-embed-image-overlay{cursor:pointer;text-align:center}.elementor-widget-video .elementor-custom-embed-image-overlay:hover .elementor-custom-embed-play i{opacity:1}.elementor-widget-video .elementor-custom-embed-image-overlay img{display:block;width:100%;aspect-ratio:var(--video-aspect-ratio);-o-object-fit:cover;object-fit:cover;-o-object-position:center center;object-position:center center}@supports not (aspect-ratio:1\/1){.elementor-widget-video .elementor-custom-embed-image-overlay{position:relative;overflow:hidden;height:0;padding-bottom:calc(100% \/ var(--video-aspect-ratio))}.elementor-widget-video .elementor-custom-embed-image-overlay img{position:absolute;top:0;right:0;bottom:0;left:0}}.elementor-widget-video .e-hosted-video .elementor-video{-o-object-fit:cover;object-fit:cover}.e-con-inner>.elementor-widget-video,.e-con>.elementor-widget-video{width:var(--container-widget-width);--flex-grow:var(--container-widget-flex-grow)}<\/style>\t\t<div class=\"elementor-wrapper elementor-open-inline\">\n\t\t\t<div class=\"elementor-video\"><\/div>\t\t<\/div>\n\t\t\t\t<\/div>\n\t\t\t\t<\/div>\n\t\t\t\t<div class=\"elementor-element elementor-element-6e6841b elementor-widget elementor-widget-heading\" data-id=\"6e6841b\" data-element_type=\"widget\" data-widget_type=\"heading.default\">\n\t\t\t\t<div class=\"elementor-widget-container\">\n\t\t\t<style>\/*! elementor - v3.19.0 - 07-02-2024 *\/\n.elementor-heading-title{padding:0;margin:0;line-height:1}.elementor-widget-heading .elementor-heading-title[class*=elementor-size-]>a{color:inherit;font-size:inherit;line-height:inherit}.elementor-widget-heading .elementor-heading-title.elementor-size-small{font-size:15px}.elementor-widget-heading .elementor-heading-title.elementor-size-medium{font-size:19px}.elementor-widget-heading .elementor-heading-title.elementor-size-large{font-size:29px}.elementor-widget-heading .elementor-heading-title.elementor-size-xl{font-size:39px}.elementor-widget-heading .elementor-heading-title.elementor-size-xxl{font-size:59px}<\/style><h2 class=\"elementor-heading-title elementor-size-default\">s\u00e9minaire take care du 11 avril 2023<\/h2>\t\t<\/div>\n\t\t\t\t<\/div>\n\t\t\t\t<div class=\"elementor-element elementor-element-840680e elementor-widget elementor-widget-text-editor\" data-id=\"840680e\" data-element_type=\"widget\" data-widget_type=\"text-editor.default\">\n\t\t\t\t<div class=\"elementor-widget-container\">\n\t\t\t<style>\/*! elementor - v3.19.0 - 07-02-2024 *\/\n.elementor-widget-text-editor.elementor-drop-cap-view-stacked .elementor-drop-cap{background-color:#69727d;color:#fff}.elementor-widget-text-editor.elementor-drop-cap-view-framed .elementor-drop-cap{color:#69727d;border:3px solid;background-color:transparent}.elementor-widget-text-editor:not(.elementor-drop-cap-view-default) .elementor-drop-cap{margin-top:8px}.elementor-widget-text-editor:not(.elementor-drop-cap-view-default) .elementor-drop-cap-letter{width:1em;height:1em}.elementor-widget-text-editor .elementor-drop-cap{float:left;text-align:center;line-height:1;font-size:50px}.elementor-widget-text-editor .elementor-drop-cap-letter{display:inline-block}<\/style>\t\t\t\t<p>Retour en image sur la journ\u00e9e <strong>TAKE CARE<\/strong> du 11 avril 2023 autour de <strong>l\u2019humain \u00e0 l\u2019h\u00f4pital.<\/strong>\u00a0<\/p><p>Les managers \u00e9taient r\u00e9unis pour des moments d\u2019\u00e9changes, de partage des informations, de l\u2019exp\u00e9rience, des ressentis, de l\u2019\u00e9nergie.<\/p>\t\t\t\t\t\t<\/div>\n\t\t\t\t<\/div>\n\t\t\t\t<div class=\"elementor-element elementor-element-5ad87d0 elementor-widget elementor-widget-spacer\" data-id=\"5ad87d0\" data-element_type=\"widget\" data-widget_type=\"spacer.default\">\n\t\t\t\t<div class=\"elementor-widget-container\">\n\t\t\t<style>\/*! elementor - v3.19.0 - 07-02-2024 *\/\n.elementor-column .elementor-spacer-inner{height:var(--spacer-size)}.e-con{--container-widget-width:100%}.e-con-inner>.elementor-widget-spacer,.e-con>.elementor-widget-spacer{width:var(--container-widget-width,var(--spacer-size));--align-self:var(--container-widget-align-self,initial);--flex-shrink:0}.e-con-inner>.elementor-widget-spacer>.elementor-widget-container,.e-con>.elementor-widget-spacer>.elementor-widget-container{height:100%;width:100%}.e-con-inner>.elementor-widget-spacer>.elementor-widget-container>.elementor-spacer,.e-con>.elementor-widget-spacer>.elementor-widget-container>.elementor-spacer{height:100%}.e-con-inner>.elementor-widget-spacer>.elementor-widget-container>.elementor-spacer>.elementor-spacer-inner,.e-con>.elementor-widget-spacer>.elementor-widget-container>.elementor-spacer>.elementor-spacer-inner{height:var(--container-widget-height,var(--spacer-size))}.e-con-inner>.elementor-widget-spacer.elementor-widget-empty,.e-con>.elementor-widget-spacer.elementor-widget-empty{position:relative;min-height:22px;min-width:22px}.e-con-inner>.elementor-widget-spacer.elementor-widget-empty .elementor-widget-empty-icon,.e-con>.elementor-widget-spacer.elementor-widget-empty .elementor-widget-empty-icon{position:absolute;top:0;bottom:0;left:0;right:0;margin:auto;padding:0;width:22px;height:22px}<\/style>\t\t<div class=\"elementor-spacer\">\n\t\t\t<div class=\"elementor-spacer-inner\"><\/div>\n\t\t<\/div>\n\t\t\t\t<\/div>\n\t\t\t\t<\/div>\n\t\t\t\t\t<\/div>\n\t\t<\/div>\n\t\t\t\t\t<\/div>\n\t\t<\/section>\n\t\t\t\t<section class=\"elementor-section elementor-top-section elementor-element elementor-element-3c52776 elementor-section-stretched elementor-section-full_width elementor-section-height-default elementor-section-height-default\" data-id=\"3c52776\" data-element_type=\"section\" data-settings=\"{&quot;stretch_section&quot;:&quot;section-stretched&quot;,&quot;background_background&quot;:&quot;classic&quot;}\">\n\t\t\t\t\t\t<div class=\"elementor-container elementor-column-gap-default\">\n\t\t\t\t\t<div class=\"elementor-column elementor-col-100 elementor-top-column elementor-element elementor-element-39a025f\" data-id=\"39a025f\" data-element_type=\"column\">\n\t\t\t<div class=\"elementor-widget-wrap elementor-element-populated\">\n\t\t\t\t\t\t<div class=\"elementor-element elementor-element-ce17539 elementor-widget elementor-widget-text-editor\" data-id=\"ce17539\" data-element_type=\"widget\" data-widget_type=\"text-editor.default\">\n\t\t\t\t<div class=\"elementor-widget-container\">\n\t\t\t\t\t\t\t<p>Copyright \u00a9 2023 P\u00f4le Lille M\u00e9tropole &#8211; Ramsay Sant\u00e9<\/p>\t\t\t\t\t\t<\/div>\n\t\t\t\t<\/div>\n\t\t\t\t\t<\/div>\n\t\t<\/div>\n\t\t\t\t\t<\/div>\n\t\t<\/section>\n\t\t\t\t<\/div>\n\t\t","protected":false},"excerpt":{"rendered":"<p>s\u00e9minaire take care du 11 avril 2023 Retour en image sur la journ\u00e9e TAKE CARE du 11 avril 2023 autour de l\u2019humain \u00e0 l\u2019h\u00f4pital.\u00a0 Les managers \u00e9taient r\u00e9unis pour des moments d\u2019\u00e9changes, de partage des informations, de l\u2019exp\u00e9rience, des ressentis, de l\u2019\u00e9nergie. Copyright \u00a9 2023 P\u00f4le Lille M\u00e9tropole &#8211; Ramsay Sant\u00e9<\/p>\n","protected":false},"author":1,"featured_media":0,"parent":0,"menu_order":0,"comment_status":"closed","ping_status":"closed","template":"","meta":{"om_disable_all_campaigns":false,"_monsterinsights_skip_tracking":false,"_monsterinsights_sitenote_active":false,"_monsterinsights_sitenote_note":"","_monsterinsights_sitenote_category":0,"footnotes":""},"class_list":["post-566","page","type-page","status-publish","hentry"],"aioseo_notices":[],"yoast_head":"<!-- This site is optimized with the Yoast SEO plugin v22.1 - https:\/\/yoast.com\/wordpress\/plugins\/seo\/ -->\n<title>TAKE CARE - Yes We Care Lille 2023<\/title>\n<meta name=\"robots\" content=\"index, follow, max-snippet:-1, max-image-preview:large, max-video-preview:-1\" \/>\n<link rel=\"canonical\" href=\"https:\/\/yes-we-care-lille.com\/?page_id=566\" \/>\n<meta property=\"og:locale\" content=\"fr_FR\" \/>\n<meta property=\"og:type\" content=\"article\" \/>\n<meta property=\"og:title\" content=\"TAKE CARE - Yes We Care Lille 2023\" \/>\n<meta property=\"og:description\" content=\"s\u00e9minaire take care du 11 avril 2023 Retour en image sur la journ\u00e9e TAKE CARE du 11 avril 2023 autour de l\u2019humain \u00e0 l\u2019h\u00f4pital.\u00a0 Les managers \u00e9taient r\u00e9unis pour des moments d\u2019\u00e9changes, de partage des informations, de l\u2019exp\u00e9rience, des ressentis, de l\u2019\u00e9nergie. Copyright \u00a9 2023 P\u00f4le Lille M\u00e9tropole &#8211; Ramsay Sant\u00e9\" \/>\n<meta property=\"og:url\" content=\"https:\/\/yes-we-care-lille.com\/?page_id=566\" \/>\n<meta property=\"og:site_name\" content=\"Yes We Care Lille 2023\" \/>\n<meta property=\"article:modified_time\" content=\"2023-07-18T13:53:53+00:00\" \/>\n<meta name=\"twitter:card\" content=\"summary_large_image\" \/>\n<meta name=\"twitter:label1\" content=\"Dur\u00e9e de lecture estim\u00e9e\" \/>\n\t<meta name=\"twitter:data1\" content=\"1 minute\" \/>\n<script type=\"application\/ld+json\" class=\"yoast-schema-graph\">{\"@context\":\"https:\/\/schema.org\",\"@graph\":[{\"@type\":\"WebPage\",\"@id\":\"https:\/\/yes-we-care-lille.com\/?page_id=566\",\"url\":\"https:\/\/yes-we-care-lille.com\/?page_id=566\",\"name\":\"TAKE CARE - Yes We Care Lille 2023\",\"isPartOf\":{\"@id\":\"https:\/\/yes-we-care-lille.com\/#website\"},\"datePublished\":\"2023-07-18T13:47:13+00:00\",\"dateModified\":\"2023-07-18T13:53:53+00:00\",\"breadcrumb\":{\"@id\":\"https:\/\/yes-we-care-lille.com\/?page_id=566#breadcrumb\"},\"inLanguage\":\"fr-FR\",\"potentialAction\":[{\"@type\":\"ReadAction\",\"target\":[\"https:\/\/yes-we-care-lille.com\/?page_id=566\"]}]},{\"@type\":\"BreadcrumbList\",\"@id\":\"https:\/\/yes-we-care-lille.com\/?page_id=566#breadcrumb\",\"itemListElement\":[{\"@type\":\"ListItem\",\"position\":1,\"name\":\"Accueil\",\"item\":\"https:\/\/yes-we-care-lille.com\/\"},{\"@type\":\"ListItem\",\"position\":2,\"name\":\"TAKE CARE\"}]},{\"@type\":\"WebSite\",\"@id\":\"https:\/\/yes-we-care-lille.com\/#website\",\"url\":\"https:\/\/yes-we-care-lille.com\/\",\"name\":\"Yes We Care Lille 2023\",\"description\":\"Projet m\u00e9dical du P\u00f4le Lille M\u00e9tropole - Ramsay Sant\u00e9\",\"publisher\":{\"@id\":\"https:\/\/yes-we-care-lille.com\/#organization\"},\"potentialAction\":[{\"@type\":\"SearchAction\",\"target\":{\"@type\":\"EntryPoint\",\"urlTemplate\":\"https:\/\/yes-we-care-lille.com\/?s={search_term_string}\"},\"query-input\":\"required name=search_term_string\"}],\"inLanguage\":\"fr-FR\"},{\"@type\":\"Organization\",\"@id\":\"https:\/\/yes-we-care-lille.com\/#organization\",\"name\":\"Yes We Care Lille 2023\",\"url\":\"https:\/\/yes-we-care-lille.com\/\",\"logo\":{\"@type\":\"ImageObject\",\"inLanguage\":\"fr-FR\",\"@id\":\"https:\/\/yes-we-care-lille.com\/#\/schema\/logo\/image\/\",\"url\":\"https:\/\/yes-we-care-lille.com\/wp-content\/uploads\/2023\/03\/cropped-logo-yeswecarelille2023-white.png\",\"contentUrl\":\"https:\/\/yes-we-care-lille.com\/wp-content\/uploads\/2023\/03\/cropped-logo-yeswecarelille2023-white.png\",\"width\":1080,\"height\":600,\"caption\":\"Yes We Care Lille 2023\"},\"image\":{\"@id\":\"https:\/\/yes-we-care-lille.com\/#\/schema\/logo\/image\/\"}}]}<\/script>\n<!-- \/ Yoast SEO plugin. -->","yoast_head_json":{"title":"TAKE CARE - Yes We Care Lille 2023","robots":{"index":"index","follow":"follow","max-snippet":"max-snippet:-1","max-image-preview":"max-image-preview:large","max-video-preview":"max-video-preview:-1"},"canonical":"https:\/\/yes-we-care-lille.com\/?page_id=566","og_locale":"fr_FR","og_type":"article","og_title":"TAKE CARE - Yes We Care Lille 2023","og_description":"s\u00e9minaire take care du 11 avril 2023 Retour en image sur la journ\u00e9e TAKE CARE du 11 avril 2023 autour de l\u2019humain \u00e0 l\u2019h\u00f4pital.\u00a0 Les managers \u00e9taient r\u00e9unis pour des moments d\u2019\u00e9changes, de partage des informations, de l\u2019exp\u00e9rience, des ressentis, de l\u2019\u00e9nergie. Copyright \u00a9 2023 P\u00f4le Lille M\u00e9tropole &#8211; Ramsay Sant\u00e9","og_url":"https:\/\/yes-we-care-lille.com\/?page_id=566","og_site_name":"Yes We Care Lille 2023","article_modified_time":"2023-07-18T13:53:53+00:00","twitter_card":"summary_large_image","twitter_misc":{"Dur\u00e9e de lecture estim\u00e9e":"1 minute"},"schema":{"@context":"https:\/\/schema.org","@graph":[{"@type":"WebPage","@id":"https:\/\/yes-we-care-lille.com\/?page_id=566","url":"https:\/\/yes-we-care-lille.com\/?page_id=566","name":"TAKE CARE - Yes We Care Lille 2023","isPartOf":{"@id":"https:\/\/yes-we-care-lille.com\/#website"},"datePublished":"2023-07-18T13:47:13+00:00","dateModified":"2023-07-18T13:53:53+00:00","breadcrumb":{"@id":"https:\/\/yes-we-care-lille.com\/?page_id=566#breadcrumb"},"inLanguage":"fr-FR","potentialAction":[{"@type":"ReadAction","target":["https:\/\/yes-we-care-lille.com\/?page_id=566"]}]},{"@type":"BreadcrumbList","@id":"https:\/\/yes-we-care-lille.com\/?page_id=566#breadcrumb","itemListElement":[{"@type":"ListItem","position":1,"name":"Accueil","item":"https:\/\/yes-we-care-lille.com\/"},{"@type":"ListItem","position":2,"name":"TAKE CARE"}]},{"@type":"WebSite","@id":"https:\/\/yes-we-care-lille.com\/#website","url":"https:\/\/yes-we-care-lille.com\/","name":"Yes We Care Lille 2023","description":"Projet m\u00e9dical du P\u00f4le Lille M\u00e9tropole - Ramsay Sant\u00e9","publisher":{"@id":"https:\/\/yes-we-care-lille.com\/#organization"},"potentialAction":[{"@type":"SearchAction","target":{"@type":"EntryPoint","urlTemplate":"https:\/\/yes-we-care-lille.com\/?s={search_term_string}"},"query-input":"required name=search_term_string"}],"inLanguage":"fr-FR"},{"@type":"Organization","@id":"https:\/\/yes-we-care-lille.com\/#organization","name":"Yes We Care Lille 2023","url":"https:\/\/yes-we-care-lille.com\/","logo":{"@type":"ImageObject","inLanguage":"fr-FR","@id":"https:\/\/yes-we-care-lille.com\/#\/schema\/logo\/image\/","url":"https:\/\/yes-we-care-lille.com\/wp-content\/uploads\/2023\/03\/cropped-logo-yeswecarelille2023-white.png","contentUrl":"https:\/\/yes-we-care-lille.com\/wp-content\/uploads\/2023\/03\/cropped-logo-yeswecarelille2023-white.png","width":1080,"height":600,"caption":"Yes We Care Lille 2023"},"image":{"@id":"https:\/\/yes-we-care-lille.com\/#\/schema\/logo\/image\/"}}]}},"_links":{"self":[{"href":"https:\/\/yes-we-care-lille.com\/index.php?rest_route=\/wp\/v2\/pages\/566","targetHints":{"allow":["GET"]}}],"collection":[{"href":"https:\/\/yes-we-care-lille.com\/index.php?rest_route=\/wp\/v2\/pages"}],"about":[{"href":"https:\/\/yes-we-care-lille.com\/index.php?rest_route=\/wp\/v2\/types\/page"}],"author":[{"embeddable":true,"href":"https:\/\/yes-we-care-lille.com\/index.php?rest_route=\/wp\/v2\/users\/1"}],"replies":[{"embeddable":true,"href":"https:\/\/yes-we-care-lille.com\/index.php?rest_route=%2Fwp%2Fv2%2Fcomments&post=566"}],"version-history":[{"count":4,"href":"https:\/\/yes-we-care-lille.com\/index.php?rest_route=\/wp\/v2\/pages\/566\/revisions"}],"predecessor-version":[{"id":570,"href":"https:\/\/yes-we-care-lille.com\/index.php?rest_route=\/wp\/v2\/pages\/566\/revisions\/570"}],"wp:attachment":[{"href":"https:\/\/yes-we-care-lille.com\/index.php?rest_route=%2Fwp%2Fv2%2Fmedia&parent=566"}],"curies":[{"name":"wp","href":"https:\/\/api.w.org\/{rel}","templated":true}]}}