{"id":425,"date":"2023-03-15T15:51:37","date_gmt":"2023-03-15T14:51:37","guid":{"rendered":"https:\/\/yes-we-care-lille.com\/?page_id=425"},"modified":"2024-02-23T15:40:47","modified_gmt":"2024-02-23T14:40:47","slug":"urologie-2","status":"publish","type":"page","link":"https:\/\/yes-we-care-lille.com\/?page_id=425","title":{"rendered":"UROLOGIE"},"content":{"rendered":"\t\t<div data-elementor-type=\"wp-page\" data-elementor-id=\"425\" class=\"elementor elementor-425\">\n\t\t\t\t\t\t<section class=\"elementor-section elementor-top-section elementor-element elementor-element-f6d6475 elementor-section-boxed elementor-section-height-default elementor-section-height-default\" data-id=\"f6d6475\" data-element_type=\"section\" data-settings=\"{&quot;background_background&quot;:&quot;classic&quot;}\">\n\t\t\t\t\t\t\t<div class=\"elementor-background-overlay\"><\/div>\n\t\t\t\t\t\t\t<div class=\"elementor-container elementor-column-gap-default\">\n\t\t\t\t\t<div class=\"elementor-column elementor-col-100 elementor-top-column elementor-element elementor-element-2ab6854\" data-id=\"2ab6854\" data-element_type=\"column\">\n\t\t\t<div class=\"elementor-widget-wrap elementor-element-populated\">\n\t\t\t\t\t\t<div class=\"elementor-element elementor-element-a5c4d36 elementor-widget elementor-widget-text-editor\" data-id=\"a5c4d36\" data-element_type=\"widget\" data-widget_type=\"text-editor.default\">\n\t\t\t\t<div class=\"elementor-widget-container\">\n\t\t\t<style>\/*! elementor - v3.19.0 - 07-02-2024 *\/\n.elementor-widget-text-editor.elementor-drop-cap-view-stacked .elementor-drop-cap{background-color:#69727d;color:#fff}.elementor-widget-text-editor.elementor-drop-cap-view-framed .elementor-drop-cap{color:#69727d;border:3px solid;background-color:transparent}.elementor-widget-text-editor:not(.elementor-drop-cap-view-default) .elementor-drop-cap{margin-top:8px}.elementor-widget-text-editor:not(.elementor-drop-cap-view-default) .elementor-drop-cap-letter{width:1em;height:1em}.elementor-widget-text-editor .elementor-drop-cap{float:left;text-align:center;line-height:1;font-size:50px}.elementor-widget-text-editor .elementor-drop-cap-letter{display:inline-block}<\/style>\t\t\t\t<p>Le d\u00e9veloppement du centre robotique de HPLL se renforce avec l\u2019acquisition de la nouvelle version du robot Da Vinci accessible \u00e0 l\u2019ensemble des urologues du P\u00f4le.<br \/>Parall\u00e8lement, la cr\u00e9ation du SOS Lithiase d\u2019HPVA vient compl\u00e9ter le dispositif de prise en charge de ces urgences urologiques pour un maillage avec HPLB.<\/p>\t\t\t\t\t\t<\/div>\n\t\t\t\t<\/div>\n\t\t\t\t\t<\/div>\n\t\t<\/div>\n\t\t\t\t\t<\/div>\n\t\t<\/section>\n\t\t\t\t<section class=\"elementor-section elementor-top-section elementor-element elementor-element-b6fe539 elementor-section-boxed elementor-section-height-default elementor-section-height-default\" data-id=\"b6fe539\" data-element_type=\"section\">\n\t\t\t\t\t\t<div class=\"elementor-container elementor-column-gap-default\">\n\t\t\t\t\t<div class=\"elementor-column elementor-col-100 elementor-top-column elementor-element elementor-element-1b8dcc1\" data-id=\"1b8dcc1\" data-element_type=\"column\">\n\t\t\t<div class=\"elementor-widget-wrap elementor-element-populated\">\n\t\t\t\t\t\t<div class=\"elementor-element elementor-element-840680e elementor-widget elementor-widget-text-editor\" data-id=\"840680e\" data-element_type=\"widget\" data-widget_type=\"text-editor.default\">\n\t\t\t\t<div class=\"elementor-widget-container\">\n\t\t\t\t\t\t\t<p>Au cours du 1er trimestre 2024, l\u2019activit\u00e9 de lithotritie de HPLL sera transf\u00e9r\u00e9e \u00e0 HPVA. Le d\u00e9m\u00e9nagement du lithotripteur sera accompagn\u00e9 de la cr\u00e9ation du SOS LITHIASE (en collaboration avec nos chirurgiens urologues), qui permettra un parcours patient optimis\u00e9 dans le cadre de la prise en soin des calculs urinaires. <\/p>\t\t\t\t\t\t<\/div>\n\t\t\t\t<\/div>\n\t\t\t\t<div class=\"elementor-element elementor-element-5ad87d0 elementor-widget elementor-widget-spacer\" data-id=\"5ad87d0\" data-element_type=\"widget\" data-widget_type=\"spacer.default\">\n\t\t\t\t<div class=\"elementor-widget-container\">\n\t\t\t<style>\/*! elementor - v3.19.0 - 07-02-2024 *\/\n.elementor-column .elementor-spacer-inner{height:var(--spacer-size)}.e-con{--container-widget-width:100%}.e-con-inner>.elementor-widget-spacer,.e-con>.elementor-widget-spacer{width:var(--container-widget-width,var(--spacer-size));--align-self:var(--container-widget-align-self,initial);--flex-shrink:0}.e-con-inner>.elementor-widget-spacer>.elementor-widget-container,.e-con>.elementor-widget-spacer>.elementor-widget-container{height:100%;width:100%}.e-con-inner>.elementor-widget-spacer>.elementor-widget-container>.elementor-spacer,.e-con>.elementor-widget-spacer>.elementor-widget-container>.elementor-spacer{height:100%}.e-con-inner>.elementor-widget-spacer>.elementor-widget-container>.elementor-spacer>.elementor-spacer-inner,.e-con>.elementor-widget-spacer>.elementor-widget-container>.elementor-spacer>.elementor-spacer-inner{height:var(--container-widget-height,var(--spacer-size))}.e-con-inner>.elementor-widget-spacer.elementor-widget-empty,.e-con>.elementor-widget-spacer.elementor-widget-empty{position:relative;min-height:22px;min-width:22px}.e-con-inner>.elementor-widget-spacer.elementor-widget-empty .elementor-widget-empty-icon,.e-con>.elementor-widget-spacer.elementor-widget-empty .elementor-widget-empty-icon{position:absolute;top:0;bottom:0;left:0;right:0;margin:auto;padding:0;width:22px;height:22px}<\/style>\t\t<div class=\"elementor-spacer\">\n\t\t\t<div class=\"elementor-spacer-inner\"><\/div>\n\t\t<\/div>\n\t\t\t\t<\/div>\n\t\t\t\t<\/div>\n\t\t\t\t\t<\/div>\n\t\t<\/div>\n\t\t\t\t\t<\/div>\n\t\t<\/section>\n\t\t\t\t<section class=\"elementor-section elementor-top-section elementor-element elementor-element-3c52776 elementor-section-stretched elementor-section-full_width elementor-section-height-default elementor-section-height-default\" data-id=\"3c52776\" data-element_type=\"section\" data-settings=\"{&quot;stretch_section&quot;:&quot;section-stretched&quot;,&quot;background_background&quot;:&quot;classic&quot;}\">\n\t\t\t\t\t\t<div class=\"elementor-container elementor-column-gap-default\">\n\t\t\t\t\t<div class=\"elementor-column elementor-col-100 elementor-top-column elementor-element elementor-element-39a025f\" data-id=\"39a025f\" data-element_type=\"column\">\n\t\t\t<div class=\"elementor-widget-wrap elementor-element-populated\">\n\t\t\t\t\t\t<div class=\"elementor-element elementor-element-ce17539 elementor-widget elementor-widget-text-editor\" data-id=\"ce17539\" data-element_type=\"widget\" data-widget_type=\"text-editor.default\">\n\t\t\t\t<div class=\"elementor-widget-container\">\n\t\t\t\t\t\t\t<p>Copyright \u00a9 2023 P\u00f4le Lille M\u00e9tropole &#8211; Ramsay Sant\u00e9<\/p>\t\t\t\t\t\t<\/div>\n\t\t\t\t<\/div>\n\t\t\t\t\t<\/div>\n\t\t<\/div>\n\t\t\t\t\t<\/div>\n\t\t<\/section>\n\t\t\t\t<\/div>\n\t\t","protected":false},"excerpt":{"rendered":"<p>Le d\u00e9veloppement du centre robotique de HPLL se renforce avec l\u2019acquisition de la nouvelle version du robot Da Vinci accessible \u00e0 l\u2019ensemble des urologues du P\u00f4le.Parall\u00e8lement, la cr\u00e9ation du SOS Lithiase d\u2019HPVA vient compl\u00e9ter le dispositif de prise en charge de ces urgences urologiques pour un maillage avec HPLB. Au cours du 1er trimestre 2024, &hellip; <\/p>\n<p class=\"link-more\"><a href=\"https:\/\/yes-we-care-lille.com\/?page_id=425\" class=\"more-link\">Lire la suite de<span class=\"screen-reader-text\">\u00ab\u00a0UROLOGIE\u00a0\u00bb<\/span><\/a><\/p>\n","protected":false},"author":1,"featured_media":0,"parent":0,"menu_order":0,"comment_status":"closed","ping_status":"closed","template":"","meta":{"om_disable_all_campaigns":false,"_monsterinsights_skip_tracking":false,"_monsterinsights_sitenote_active":false,"_monsterinsights_sitenote_note":"","_monsterinsights_sitenote_category":0,"footnotes":""},"class_list":["post-425","page","type-page","status-publish","hentry"],"aioseo_notices":[],"yoast_head":"<!-- This site is optimized with the Yoast SEO plugin v22.1 - https:\/\/yoast.com\/wordpress\/plugins\/seo\/ -->\n<title>UROLOGIE - Yes We Care Lille 2023<\/title>\n<meta name=\"robots\" content=\"index, follow, max-snippet:-1, max-image-preview:large, max-video-preview:-1\" \/>\n<link rel=\"canonical\" href=\"https:\/\/yes-we-care-lille.com\/?page_id=425\" \/>\n<meta property=\"og:locale\" content=\"fr_FR\" \/>\n<meta property=\"og:type\" content=\"article\" \/>\n<meta property=\"og:title\" content=\"UROLOGIE - Yes We Care Lille 2023\" \/>\n<meta property=\"og:description\" content=\"Le d\u00e9veloppement du centre robotique de HPLL se renforce avec l\u2019acquisition de la nouvelle version du robot Da Vinci accessible \u00e0 l\u2019ensemble des urologues du P\u00f4le.Parall\u00e8lement, la cr\u00e9ation du SOS Lithiase d\u2019HPVA vient compl\u00e9ter le dispositif de prise en charge de ces urgences urologiques pour un maillage avec HPLB. Au cours du 1er trimestre 2024, &hellip; Lire la suite de\u00ab\u00a0UROLOGIE\u00a0\u00bb\" \/>\n<meta property=\"og:url\" content=\"https:\/\/yes-we-care-lille.com\/?page_id=425\" \/>\n<meta property=\"og:site_name\" content=\"Yes We Care Lille 2023\" \/>\n<meta property=\"article:modified_time\" content=\"2024-02-23T14:40:47+00:00\" \/>\n<meta name=\"twitter:card\" content=\"summary_large_image\" \/>\n<meta name=\"twitter:label1\" content=\"Dur\u00e9e de lecture estim\u00e9e\" \/>\n\t<meta name=\"twitter:data1\" content=\"1 minute\" \/>\n<script type=\"application\/ld+json\" class=\"yoast-schema-graph\">{\"@context\":\"https:\/\/schema.org\",\"@graph\":[{\"@type\":\"WebPage\",\"@id\":\"https:\/\/yes-we-care-lille.com\/?page_id=425\",\"url\":\"https:\/\/yes-we-care-lille.com\/?page_id=425\",\"name\":\"UROLOGIE - Yes We Care Lille 2023\",\"isPartOf\":{\"@id\":\"https:\/\/yes-we-care-lille.com\/#website\"},\"datePublished\":\"2023-03-15T14:51:37+00:00\",\"dateModified\":\"2024-02-23T14:40:47+00:00\",\"breadcrumb\":{\"@id\":\"https:\/\/yes-we-care-lille.com\/?page_id=425#breadcrumb\"},\"inLanguage\":\"fr-FR\",\"potentialAction\":[{\"@type\":\"ReadAction\",\"target\":[\"https:\/\/yes-we-care-lille.com\/?page_id=425\"]}]},{\"@type\":\"BreadcrumbList\",\"@id\":\"https:\/\/yes-we-care-lille.com\/?page_id=425#breadcrumb\",\"itemListElement\":[{\"@type\":\"ListItem\",\"position\":1,\"name\":\"Accueil\",\"item\":\"https:\/\/yes-we-care-lille.com\/\"},{\"@type\":\"ListItem\",\"position\":2,\"name\":\"UROLOGIE\"}]},{\"@type\":\"WebSite\",\"@id\":\"https:\/\/yes-we-care-lille.com\/#website\",\"url\":\"https:\/\/yes-we-care-lille.com\/\",\"name\":\"Yes We Care Lille 2023\",\"description\":\"Projet m\u00e9dical du P\u00f4le Lille M\u00e9tropole - Ramsay Sant\u00e9\",\"publisher\":{\"@id\":\"https:\/\/yes-we-care-lille.com\/#organization\"},\"potentialAction\":[{\"@type\":\"SearchAction\",\"target\":{\"@type\":\"EntryPoint\",\"urlTemplate\":\"https:\/\/yes-we-care-lille.com\/?s={search_term_string}\"},\"query-input\":\"required name=search_term_string\"}],\"inLanguage\":\"fr-FR\"},{\"@type\":\"Organization\",\"@id\":\"https:\/\/yes-we-care-lille.com\/#organization\",\"name\":\"Yes We Care Lille 2023\",\"url\":\"https:\/\/yes-we-care-lille.com\/\",\"logo\":{\"@type\":\"ImageObject\",\"inLanguage\":\"fr-FR\",\"@id\":\"https:\/\/yes-we-care-lille.com\/#\/schema\/logo\/image\/\",\"url\":\"https:\/\/yes-we-care-lille.com\/wp-content\/uploads\/2023\/03\/cropped-logo-yeswecarelille2023-white.png\",\"contentUrl\":\"https:\/\/yes-we-care-lille.com\/wp-content\/uploads\/2023\/03\/cropped-logo-yeswecarelille2023-white.png\",\"width\":1080,\"height\":600,\"caption\":\"Yes We Care Lille 2023\"},\"image\":{\"@id\":\"https:\/\/yes-we-care-lille.com\/#\/schema\/logo\/image\/\"}}]}<\/script>\n<!-- \/ Yoast SEO plugin. -->","yoast_head_json":{"title":"UROLOGIE - Yes We Care Lille 2023","robots":{"index":"index","follow":"follow","max-snippet":"max-snippet:-1","max-image-preview":"max-image-preview:large","max-video-preview":"max-video-preview:-1"},"canonical":"https:\/\/yes-we-care-lille.com\/?page_id=425","og_locale":"fr_FR","og_type":"article","og_title":"UROLOGIE - Yes We Care Lille 2023","og_description":"Le d\u00e9veloppement du centre robotique de HPLL se renforce avec l\u2019acquisition de la nouvelle version du robot Da Vinci accessible \u00e0 l\u2019ensemble des urologues du P\u00f4le.Parall\u00e8lement, la cr\u00e9ation du SOS Lithiase d\u2019HPVA vient compl\u00e9ter le dispositif de prise en charge de ces urgences urologiques pour un maillage avec HPLB. Au cours du 1er trimestre 2024, &hellip; Lire la suite de\u00ab\u00a0UROLOGIE\u00a0\u00bb","og_url":"https:\/\/yes-we-care-lille.com\/?page_id=425","og_site_name":"Yes We Care Lille 2023","article_modified_time":"2024-02-23T14:40:47+00:00","twitter_card":"summary_large_image","twitter_misc":{"Dur\u00e9e de lecture estim\u00e9e":"1 minute"},"schema":{"@context":"https:\/\/schema.org","@graph":[{"@type":"WebPage","@id":"https:\/\/yes-we-care-lille.com\/?page_id=425","url":"https:\/\/yes-we-care-lille.com\/?page_id=425","name":"UROLOGIE - Yes We Care Lille 2023","isPartOf":{"@id":"https:\/\/yes-we-care-lille.com\/#website"},"datePublished":"2023-03-15T14:51:37+00:00","dateModified":"2024-02-23T14:40:47+00:00","breadcrumb":{"@id":"https:\/\/yes-we-care-lille.com\/?page_id=425#breadcrumb"},"inLanguage":"fr-FR","potentialAction":[{"@type":"ReadAction","target":["https:\/\/yes-we-care-lille.com\/?page_id=425"]}]},{"@type":"BreadcrumbList","@id":"https:\/\/yes-we-care-lille.com\/?page_id=425#breadcrumb","itemListElement":[{"@type":"ListItem","position":1,"name":"Accueil","item":"https:\/\/yes-we-care-lille.com\/"},{"@type":"ListItem","position":2,"name":"UROLOGIE"}]},{"@type":"WebSite","@id":"https:\/\/yes-we-care-lille.com\/#website","url":"https:\/\/yes-we-care-lille.com\/","name":"Yes We Care Lille 2023","description":"Projet m\u00e9dical du P\u00f4le Lille M\u00e9tropole - Ramsay Sant\u00e9","publisher":{"@id":"https:\/\/yes-we-care-lille.com\/#organization"},"potentialAction":[{"@type":"SearchAction","target":{"@type":"EntryPoint","urlTemplate":"https:\/\/yes-we-care-lille.com\/?s={search_term_string}"},"query-input":"required name=search_term_string"}],"inLanguage":"fr-FR"},{"@type":"Organization","@id":"https:\/\/yes-we-care-lille.com\/#organization","name":"Yes We Care Lille 2023","url":"https:\/\/yes-we-care-lille.com\/","logo":{"@type":"ImageObject","inLanguage":"fr-FR","@id":"https:\/\/yes-we-care-lille.com\/#\/schema\/logo\/image\/","url":"https:\/\/yes-we-care-lille.com\/wp-content\/uploads\/2023\/03\/cropped-logo-yeswecarelille2023-white.png","contentUrl":"https:\/\/yes-we-care-lille.com\/wp-content\/uploads\/2023\/03\/cropped-logo-yeswecarelille2023-white.png","width":1080,"height":600,"caption":"Yes We Care Lille 2023"},"image":{"@id":"https:\/\/yes-we-care-lille.com\/#\/schema\/logo\/image\/"}}]}},"_links":{"self":[{"href":"https:\/\/yes-we-care-lille.com\/index.php?rest_route=\/wp\/v2\/pages\/425","targetHints":{"allow":["GET"]}}],"collection":[{"href":"https:\/\/yes-we-care-lille.com\/index.php?rest_route=\/wp\/v2\/pages"}],"about":[{"href":"https:\/\/yes-we-care-lille.com\/index.php?rest_route=\/wp\/v2\/types\/page"}],"author":[{"embeddable":true,"href":"https:\/\/yes-we-care-lille.com\/index.php?rest_route=\/wp\/v2\/users\/1"}],"replies":[{"embeddable":true,"href":"https:\/\/yes-we-care-lille.com\/index.php?rest_route=%2Fwp%2Fv2%2Fcomments&post=425"}],"version-history":[{"count":10,"href":"https:\/\/yes-we-care-lille.com\/index.php?rest_route=\/wp\/v2\/pages\/425\/revisions"}],"predecessor-version":[{"id":847,"href":"https:\/\/yes-we-care-lille.com\/index.php?rest_route=\/wp\/v2\/pages\/425\/revisions\/847"}],"wp:attachment":[{"href":"https:\/\/yes-we-care-lille.com\/index.php?rest_route=%2Fwp%2Fv2%2Fmedia&parent=425"}],"curies":[{"name":"wp","href":"https:\/\/api.w.org\/{rel}","templated":true}]}}