{"id":382,"date":"2023-03-15T15:40:55","date_gmt":"2023-03-15T14:40:55","guid":{"rendered":"https:\/\/yes-we-care-lille.com\/?page_id=382"},"modified":"2024-02-23T15:35:18","modified_gmt":"2024-02-23T14:35:18","slug":"orthopedie","status":"publish","type":"page","link":"https:\/\/yes-we-care-lille.com\/?page_id=382","title":{"rendered":"ORTHOP\u00c9DIE"},"content":{"rendered":"\t\t<div data-elementor-type=\"wp-page\" data-elementor-id=\"382\" class=\"elementor elementor-382\">\n\t\t\t\t\t\t<section class=\"elementor-section elementor-top-section elementor-element elementor-element-f6d6475 elementor-section-boxed elementor-section-height-default elementor-section-height-default\" data-id=\"f6d6475\" data-element_type=\"section\" data-settings=\"{&quot;background_background&quot;:&quot;classic&quot;}\">\n\t\t\t\t\t\t\t<div class=\"elementor-background-overlay\"><\/div>\n\t\t\t\t\t\t\t<div class=\"elementor-container elementor-column-gap-default\">\n\t\t\t\t\t<div class=\"elementor-column elementor-col-100 elementor-top-column elementor-element elementor-element-2ab6854\" data-id=\"2ab6854\" data-element_type=\"column\">\n\t\t\t<div class=\"elementor-widget-wrap elementor-element-populated\">\n\t\t\t\t\t\t<div class=\"elementor-element elementor-element-a5c4d36 elementor-widget elementor-widget-text-editor\" data-id=\"a5c4d36\" data-element_type=\"widget\" data-widget_type=\"text-editor.default\">\n\t\t\t\t<div class=\"elementor-widget-container\">\n\t\t\t<style>\/*! elementor - v3.19.0 - 07-02-2024 *\/\n.elementor-widget-text-editor.elementor-drop-cap-view-stacked .elementor-drop-cap{background-color:#69727d;color:#fff}.elementor-widget-text-editor.elementor-drop-cap-view-framed .elementor-drop-cap{color:#69727d;border:3px solid;background-color:transparent}.elementor-widget-text-editor:not(.elementor-drop-cap-view-default) .elementor-drop-cap{margin-top:8px}.elementor-widget-text-editor:not(.elementor-drop-cap-view-default) .elementor-drop-cap-letter{width:1em;height:1em}.elementor-widget-text-editor .elementor-drop-cap{float:left;text-align:center;line-height:1;font-size:50px}.elementor-widget-text-editor .elementor-drop-cap-letter{display:inline-block}<\/style>\t\t\t\t<p>Le Groupe Ramsay a choisi le p\u00f4le Lillois pour d\u00e9ployer l\u2019un de ses 5 premiers robots orthop\u00e9diques. Cette Innovation install\u00e9e \u00e0 HPLL et exploit\u00e9e conjointement avec les orthop\u00e9distes du CSCO sera accessible \u00e0 tous les orthop\u00e9distes du P\u00f4le.<\/p>\t\t\t\t\t\t<\/div>\n\t\t\t\t<\/div>\n\t\t\t\t\t<\/div>\n\t\t<\/div>\n\t\t\t\t\t<\/div>\n\t\t<\/section>\n\t\t\t\t<section class=\"elementor-section elementor-top-section elementor-element elementor-element-b6fe539 elementor-section-boxed elementor-section-height-default elementor-section-height-default\" data-id=\"b6fe539\" data-element_type=\"section\">\n\t\t\t\t\t\t<div class=\"elementor-container elementor-column-gap-default\">\n\t\t\t\t\t<div class=\"elementor-column elementor-col-100 elementor-top-column elementor-element elementor-element-1b8dcc1\" data-id=\"1b8dcc1\" data-element_type=\"column\">\n\t\t\t<div class=\"elementor-widget-wrap elementor-element-populated\">\n\t\t\t\t\t\t<div class=\"elementor-element elementor-element-840680e elementor-widget elementor-widget-text-editor\" data-id=\"840680e\" data-element_type=\"widget\" data-widget_type=\"text-editor.default\">\n\t\t\t\t<div class=\"elementor-widget-container\">\n\t\t\t\t\t\t\t<p>\u00a0<br \/>Le robot Mako est install\u00e9 \u00e0 HPLL depuis d\u00e9cembre 2023. Cette assistance robotis\u00e9e pour la mise en place d&rsquo;une proth\u00e8se totale de genou permet une r\u00e9cup\u00e9ration plus rapide des patients. Il permet en effet de r\u00e9aliser un geste plus pr\u00e9cis et de pratiquer des interventions moins invasives, moins traumatisantes, plus rapides et plus s\u00e9curis\u00e9es.<\/p><p><br \/>Le robot MAKO est \u00e0 disposition de l&rsquo;ensemble des orthop\u00e9distres de nos \u00e9tablissements.<\/p>\t\t\t\t\t\t<\/div>\n\t\t\t\t<\/div>\n\t\t\t\t<div class=\"elementor-element elementor-element-7ba28eb elementor-widget elementor-widget-video\" data-id=\"7ba28eb\" data-element_type=\"widget\" data-settings=\"{&quot;youtube_url&quot;:&quot;https:\\\/\\\/youtu.be\\\/bIRE4Teg4XQ?si=2l6X56z5uyPlSeP8&quot;,&quot;video_type&quot;:&quot;youtube&quot;,&quot;controls&quot;:&quot;yes&quot;}\" data-widget_type=\"video.default\">\n\t\t\t\t<div class=\"elementor-widget-container\">\n\t\t\t<style>\/*! elementor - v3.19.0 - 07-02-2024 *\/\n.elementor-widget-video .elementor-widget-container{overflow:hidden;transform:translateZ(0)}.elementor-widget-video .elementor-wrapper{aspect-ratio:var(--video-aspect-ratio)}.elementor-widget-video .elementor-wrapper iframe,.elementor-widget-video .elementor-wrapper video{height:100%;width:100%;display:flex;border:none;background-color:#000}@supports not (aspect-ratio:1\/1){.elementor-widget-video .elementor-wrapper{position:relative;overflow:hidden;height:0;padding-bottom:calc(100% \/ var(--video-aspect-ratio))}.elementor-widget-video .elementor-wrapper iframe,.elementor-widget-video .elementor-wrapper video{position:absolute;top:0;right:0;bottom:0;left:0}}.elementor-widget-video .elementor-open-inline .elementor-custom-embed-image-overlay{position:absolute;top:0;right:0;bottom:0;left:0;background-size:cover;background-position:50%}.elementor-widget-video .elementor-custom-embed-image-overlay{cursor:pointer;text-align:center}.elementor-widget-video .elementor-custom-embed-image-overlay:hover .elementor-custom-embed-play i{opacity:1}.elementor-widget-video .elementor-custom-embed-image-overlay img{display:block;width:100%;aspect-ratio:var(--video-aspect-ratio);-o-object-fit:cover;object-fit:cover;-o-object-position:center center;object-position:center center}@supports not (aspect-ratio:1\/1){.elementor-widget-video .elementor-custom-embed-image-overlay{position:relative;overflow:hidden;height:0;padding-bottom:calc(100% \/ var(--video-aspect-ratio))}.elementor-widget-video .elementor-custom-embed-image-overlay img{position:absolute;top:0;right:0;bottom:0;left:0}}.elementor-widget-video .e-hosted-video .elementor-video{-o-object-fit:cover;object-fit:cover}.e-con-inner>.elementor-widget-video,.e-con>.elementor-widget-video{width:var(--container-widget-width);--flex-grow:var(--container-widget-flex-grow)}<\/style>\t\t<div class=\"elementor-wrapper elementor-open-inline\">\n\t\t\t<div class=\"elementor-video\"><\/div>\t\t<\/div>\n\t\t\t\t<\/div>\n\t\t\t\t<\/div>\n\t\t\t\t<div class=\"elementor-element elementor-element-5ad87d0 elementor-widget elementor-widget-spacer\" data-id=\"5ad87d0\" data-element_type=\"widget\" data-widget_type=\"spacer.default\">\n\t\t\t\t<div class=\"elementor-widget-container\">\n\t\t\t<style>\/*! elementor - v3.19.0 - 07-02-2024 *\/\n.elementor-column .elementor-spacer-inner{height:var(--spacer-size)}.e-con{--container-widget-width:100%}.e-con-inner>.elementor-widget-spacer,.e-con>.elementor-widget-spacer{width:var(--container-widget-width,var(--spacer-size));--align-self:var(--container-widget-align-self,initial);--flex-shrink:0}.e-con-inner>.elementor-widget-spacer>.elementor-widget-container,.e-con>.elementor-widget-spacer>.elementor-widget-container{height:100%;width:100%}.e-con-inner>.elementor-widget-spacer>.elementor-widget-container>.elementor-spacer,.e-con>.elementor-widget-spacer>.elementor-widget-container>.elementor-spacer{height:100%}.e-con-inner>.elementor-widget-spacer>.elementor-widget-container>.elementor-spacer>.elementor-spacer-inner,.e-con>.elementor-widget-spacer>.elementor-widget-container>.elementor-spacer>.elementor-spacer-inner{height:var(--container-widget-height,var(--spacer-size))}.e-con-inner>.elementor-widget-spacer.elementor-widget-empty,.e-con>.elementor-widget-spacer.elementor-widget-empty{position:relative;min-height:22px;min-width:22px}.e-con-inner>.elementor-widget-spacer.elementor-widget-empty .elementor-widget-empty-icon,.e-con>.elementor-widget-spacer.elementor-widget-empty .elementor-widget-empty-icon{position:absolute;top:0;bottom:0;left:0;right:0;margin:auto;padding:0;width:22px;height:22px}<\/style>\t\t<div class=\"elementor-spacer\">\n\t\t\t<div class=\"elementor-spacer-inner\"><\/div>\n\t\t<\/div>\n\t\t\t\t<\/div>\n\t\t\t\t<\/div>\n\t\t\t\t\t<\/div>\n\t\t<\/div>\n\t\t\t\t\t<\/div>\n\t\t<\/section>\n\t\t\t\t<section class=\"elementor-section elementor-top-section elementor-element elementor-element-3c52776 elementor-section-stretched elementor-section-full_width elementor-section-height-default elementor-section-height-default\" data-id=\"3c52776\" data-element_type=\"section\" data-settings=\"{&quot;stretch_section&quot;:&quot;section-stretched&quot;,&quot;background_background&quot;:&quot;classic&quot;}\">\n\t\t\t\t\t\t<div class=\"elementor-container elementor-column-gap-default\">\n\t\t\t\t\t<div class=\"elementor-column elementor-col-100 elementor-top-column elementor-element elementor-element-39a025f\" data-id=\"39a025f\" data-element_type=\"column\">\n\t\t\t<div class=\"elementor-widget-wrap elementor-element-populated\">\n\t\t\t\t\t\t<div class=\"elementor-element elementor-element-ce17539 elementor-widget elementor-widget-text-editor\" data-id=\"ce17539\" data-element_type=\"widget\" data-widget_type=\"text-editor.default\">\n\t\t\t\t<div class=\"elementor-widget-container\">\n\t\t\t\t\t\t\t<p>Copyright \u00a9 2023 P\u00f4le Lille M\u00e9tropole &#8211; Ramsay Sant\u00e9<\/p>\t\t\t\t\t\t<\/div>\n\t\t\t\t<\/div>\n\t\t\t\t\t<\/div>\n\t\t<\/div>\n\t\t\t\t\t<\/div>\n\t\t<\/section>\n\t\t\t\t<\/div>\n\t\t","protected":false},"excerpt":{"rendered":"<p>Le Groupe Ramsay a choisi le p\u00f4le Lillois pour d\u00e9ployer l\u2019un de ses 5 premiers robots orthop\u00e9diques. Cette Innovation install\u00e9e \u00e0 HPLL et exploit\u00e9e conjointement avec les orthop\u00e9distes du CSCO sera accessible \u00e0 tous les orthop\u00e9distes du P\u00f4le. \u00a0Le robot Mako est install\u00e9 \u00e0 HPLL depuis d\u00e9cembre 2023. Cette assistance robotis\u00e9e pour la mise en &hellip; <\/p>\n<p class=\"link-more\"><a href=\"https:\/\/yes-we-care-lille.com\/?page_id=382\" class=\"more-link\">Lire la suite de<span class=\"screen-reader-text\">\u00ab\u00a0ORTHOP\u00c9DIE\u00a0\u00bb<\/span><\/a><\/p>\n","protected":false},"author":1,"featured_media":0,"parent":0,"menu_order":0,"comment_status":"closed","ping_status":"closed","template":"","meta":{"om_disable_all_campaigns":false,"_monsterinsights_skip_tracking":false,"_monsterinsights_sitenote_active":false,"_monsterinsights_sitenote_note":"","_monsterinsights_sitenote_category":0,"footnotes":""},"class_list":["post-382","page","type-page","status-publish","hentry"],"aioseo_notices":[],"yoast_head":"<!-- This site is optimized with the Yoast SEO plugin v22.1 - https:\/\/yoast.com\/wordpress\/plugins\/seo\/ -->\n<title>ORTHOP\u00c9DIE - Yes We Care Lille 2023<\/title>\n<meta name=\"robots\" content=\"index, follow, max-snippet:-1, max-image-preview:large, max-video-preview:-1\" \/>\n<link rel=\"canonical\" href=\"https:\/\/yes-we-care-lille.com\/?page_id=382\" \/>\n<meta property=\"og:locale\" content=\"fr_FR\" \/>\n<meta property=\"og:type\" content=\"article\" \/>\n<meta property=\"og:title\" content=\"ORTHOP\u00c9DIE - Yes We Care Lille 2023\" \/>\n<meta property=\"og:description\" content=\"Le Groupe Ramsay a choisi le p\u00f4le Lillois pour d\u00e9ployer l\u2019un de ses 5 premiers robots orthop\u00e9diques. Cette Innovation install\u00e9e \u00e0 HPLL et exploit\u00e9e conjointement avec les orthop\u00e9distes du CSCO sera accessible \u00e0 tous les orthop\u00e9distes du P\u00f4le. \u00a0Le robot Mako est install\u00e9 \u00e0 HPLL depuis d\u00e9cembre 2023. Cette assistance robotis\u00e9e pour la mise en &hellip; Lire la suite de\u00ab\u00a0ORTHOP\u00c9DIE\u00a0\u00bb\" \/>\n<meta property=\"og:url\" content=\"https:\/\/yes-we-care-lille.com\/?page_id=382\" \/>\n<meta property=\"og:site_name\" content=\"Yes We Care Lille 2023\" \/>\n<meta property=\"article:modified_time\" content=\"2024-02-23T14:35:18+00:00\" \/>\n<meta name=\"twitter:card\" content=\"summary_large_image\" \/>\n<meta name=\"twitter:label1\" content=\"Dur\u00e9e de lecture estim\u00e9e\" \/>\n\t<meta name=\"twitter:data1\" content=\"1 minute\" \/>\n<script type=\"application\/ld+json\" class=\"yoast-schema-graph\">{\"@context\":\"https:\/\/schema.org\",\"@graph\":[{\"@type\":\"WebPage\",\"@id\":\"https:\/\/yes-we-care-lille.com\/?page_id=382\",\"url\":\"https:\/\/yes-we-care-lille.com\/?page_id=382\",\"name\":\"ORTHOP\u00c9DIE - Yes We Care Lille 2023\",\"isPartOf\":{\"@id\":\"https:\/\/yes-we-care-lille.com\/#website\"},\"datePublished\":\"2023-03-15T14:40:55+00:00\",\"dateModified\":\"2024-02-23T14:35:18+00:00\",\"breadcrumb\":{\"@id\":\"https:\/\/yes-we-care-lille.com\/?page_id=382#breadcrumb\"},\"inLanguage\":\"fr-FR\",\"potentialAction\":[{\"@type\":\"ReadAction\",\"target\":[\"https:\/\/yes-we-care-lille.com\/?page_id=382\"]}]},{\"@type\":\"BreadcrumbList\",\"@id\":\"https:\/\/yes-we-care-lille.com\/?page_id=382#breadcrumb\",\"itemListElement\":[{\"@type\":\"ListItem\",\"position\":1,\"name\":\"Accueil\",\"item\":\"https:\/\/yes-we-care-lille.com\/\"},{\"@type\":\"ListItem\",\"position\":2,\"name\":\"ORTHOP\u00c9DIE\"}]},{\"@type\":\"WebSite\",\"@id\":\"https:\/\/yes-we-care-lille.com\/#website\",\"url\":\"https:\/\/yes-we-care-lille.com\/\",\"name\":\"Yes We Care Lille 2023\",\"description\":\"Projet m\u00e9dical du P\u00f4le Lille M\u00e9tropole - Ramsay Sant\u00e9\",\"publisher\":{\"@id\":\"https:\/\/yes-we-care-lille.com\/#organization\"},\"potentialAction\":[{\"@type\":\"SearchAction\",\"target\":{\"@type\":\"EntryPoint\",\"urlTemplate\":\"https:\/\/yes-we-care-lille.com\/?s={search_term_string}\"},\"query-input\":\"required name=search_term_string\"}],\"inLanguage\":\"fr-FR\"},{\"@type\":\"Organization\",\"@id\":\"https:\/\/yes-we-care-lille.com\/#organization\",\"name\":\"Yes We Care Lille 2023\",\"url\":\"https:\/\/yes-we-care-lille.com\/\",\"logo\":{\"@type\":\"ImageObject\",\"inLanguage\":\"fr-FR\",\"@id\":\"https:\/\/yes-we-care-lille.com\/#\/schema\/logo\/image\/\",\"url\":\"https:\/\/yes-we-care-lille.com\/wp-content\/uploads\/2023\/03\/cropped-logo-yeswecarelille2023-white.png\",\"contentUrl\":\"https:\/\/yes-we-care-lille.com\/wp-content\/uploads\/2023\/03\/cropped-logo-yeswecarelille2023-white.png\",\"width\":1080,\"height\":600,\"caption\":\"Yes We Care Lille 2023\"},\"image\":{\"@id\":\"https:\/\/yes-we-care-lille.com\/#\/schema\/logo\/image\/\"}}]}<\/script>\n<!-- \/ Yoast SEO plugin. -->","yoast_head_json":{"title":"ORTHOP\u00c9DIE - Yes We Care Lille 2023","robots":{"index":"index","follow":"follow","max-snippet":"max-snippet:-1","max-image-preview":"max-image-preview:large","max-video-preview":"max-video-preview:-1"},"canonical":"https:\/\/yes-we-care-lille.com\/?page_id=382","og_locale":"fr_FR","og_type":"article","og_title":"ORTHOP\u00c9DIE - Yes We Care Lille 2023","og_description":"Le Groupe Ramsay a choisi le p\u00f4le Lillois pour d\u00e9ployer l\u2019un de ses 5 premiers robots orthop\u00e9diques. Cette Innovation install\u00e9e \u00e0 HPLL et exploit\u00e9e conjointement avec les orthop\u00e9distes du CSCO sera accessible \u00e0 tous les orthop\u00e9distes du P\u00f4le. \u00a0Le robot Mako est install\u00e9 \u00e0 HPLL depuis d\u00e9cembre 2023. Cette assistance robotis\u00e9e pour la mise en &hellip; Lire la suite de\u00ab\u00a0ORTHOP\u00c9DIE\u00a0\u00bb","og_url":"https:\/\/yes-we-care-lille.com\/?page_id=382","og_site_name":"Yes We Care Lille 2023","article_modified_time":"2024-02-23T14:35:18+00:00","twitter_card":"summary_large_image","twitter_misc":{"Dur\u00e9e de lecture estim\u00e9e":"1 minute"},"schema":{"@context":"https:\/\/schema.org","@graph":[{"@type":"WebPage","@id":"https:\/\/yes-we-care-lille.com\/?page_id=382","url":"https:\/\/yes-we-care-lille.com\/?page_id=382","name":"ORTHOP\u00c9DIE - Yes We Care Lille 2023","isPartOf":{"@id":"https:\/\/yes-we-care-lille.com\/#website"},"datePublished":"2023-03-15T14:40:55+00:00","dateModified":"2024-02-23T14:35:18+00:00","breadcrumb":{"@id":"https:\/\/yes-we-care-lille.com\/?page_id=382#breadcrumb"},"inLanguage":"fr-FR","potentialAction":[{"@type":"ReadAction","target":["https:\/\/yes-we-care-lille.com\/?page_id=382"]}]},{"@type":"BreadcrumbList","@id":"https:\/\/yes-we-care-lille.com\/?page_id=382#breadcrumb","itemListElement":[{"@type":"ListItem","position":1,"name":"Accueil","item":"https:\/\/yes-we-care-lille.com\/"},{"@type":"ListItem","position":2,"name":"ORTHOP\u00c9DIE"}]},{"@type":"WebSite","@id":"https:\/\/yes-we-care-lille.com\/#website","url":"https:\/\/yes-we-care-lille.com\/","name":"Yes We Care Lille 2023","description":"Projet m\u00e9dical du P\u00f4le Lille M\u00e9tropole - Ramsay Sant\u00e9","publisher":{"@id":"https:\/\/yes-we-care-lille.com\/#organization"},"potentialAction":[{"@type":"SearchAction","target":{"@type":"EntryPoint","urlTemplate":"https:\/\/yes-we-care-lille.com\/?s={search_term_string}"},"query-input":"required name=search_term_string"}],"inLanguage":"fr-FR"},{"@type":"Organization","@id":"https:\/\/yes-we-care-lille.com\/#organization","name":"Yes We Care Lille 2023","url":"https:\/\/yes-we-care-lille.com\/","logo":{"@type":"ImageObject","inLanguage":"fr-FR","@id":"https:\/\/yes-we-care-lille.com\/#\/schema\/logo\/image\/","url":"https:\/\/yes-we-care-lille.com\/wp-content\/uploads\/2023\/03\/cropped-logo-yeswecarelille2023-white.png","contentUrl":"https:\/\/yes-we-care-lille.com\/wp-content\/uploads\/2023\/03\/cropped-logo-yeswecarelille2023-white.png","width":1080,"height":600,"caption":"Yes We Care Lille 2023"},"image":{"@id":"https:\/\/yes-we-care-lille.com\/#\/schema\/logo\/image\/"}}]}},"_links":{"self":[{"href":"https:\/\/yes-we-care-lille.com\/index.php?rest_route=\/wp\/v2\/pages\/382","targetHints":{"allow":["GET"]}}],"collection":[{"href":"https:\/\/yes-we-care-lille.com\/index.php?rest_route=\/wp\/v2\/pages"}],"about":[{"href":"https:\/\/yes-we-care-lille.com\/index.php?rest_route=\/wp\/v2\/types\/page"}],"author":[{"embeddable":true,"href":"https:\/\/yes-we-care-lille.com\/index.php?rest_route=\/wp\/v2\/users\/1"}],"replies":[{"embeddable":true,"href":"https:\/\/yes-we-care-lille.com\/index.php?rest_route=%2Fwp%2Fv2%2Fcomments&post=382"}],"version-history":[{"count":16,"href":"https:\/\/yes-we-care-lille.com\/index.php?rest_route=\/wp\/v2\/pages\/382\/revisions"}],"predecessor-version":[{"id":831,"href":"https:\/\/yes-we-care-lille.com\/index.php?rest_route=\/wp\/v2\/pages\/382\/revisions\/831"}],"wp:attachment":[{"href":"https:\/\/yes-we-care-lille.com\/index.php?rest_route=%2Fwp%2Fv2%2Fmedia&parent=382"}],"curies":[{"name":"wp","href":"https:\/\/api.w.org\/{rel}","templated":true}]}}