{"id":284,"date":"2023-03-15T15:18:30","date_gmt":"2023-03-15T14:18:30","guid":{"rendered":"https:\/\/yes-we-care-lille.com\/?page_id=284"},"modified":"2024-02-23T15:29:53","modified_gmt":"2024-02-23T14:29:53","slug":"gynecologie-obstetrique-pediatrie-2","status":"publish","type":"page","link":"https:\/\/yes-we-care-lille.com\/?page_id=284","title":{"rendered":"GYN\u00c9COLOGIE- OBST\u00c9TRIQUE-P\u00c9DIATRIE"},"content":{"rendered":"\t\t<div data-elementor-type=\"wp-page\" data-elementor-id=\"284\" class=\"elementor elementor-284\">\n\t\t\t\t\t\t<section class=\"elementor-section elementor-top-section elementor-element elementor-element-f6d6475 elementor-section-boxed elementor-section-height-default elementor-section-height-default\" data-id=\"f6d6475\" data-element_type=\"section\" data-settings=\"{&quot;background_background&quot;:&quot;classic&quot;}\">\n\t\t\t\t\t\t\t<div class=\"elementor-background-overlay\"><\/div>\n\t\t\t\t\t\t\t<div class=\"elementor-container elementor-column-gap-default\">\n\t\t\t\t\t<div class=\"elementor-column elementor-col-100 elementor-top-column elementor-element elementor-element-2ab6854\" data-id=\"2ab6854\" data-element_type=\"column\">\n\t\t\t<div class=\"elementor-widget-wrap elementor-element-populated\">\n\t\t\t\t\t\t<div class=\"elementor-element elementor-element-a5c4d36 elementor-widget elementor-widget-text-editor\" data-id=\"a5c4d36\" data-element_type=\"widget\" data-widget_type=\"text-editor.default\">\n\t\t\t\t<div class=\"elementor-widget-container\">\n\t\t\t<style>\/*! elementor - v3.19.0 - 07-02-2024 *\/\n.elementor-widget-text-editor.elementor-drop-cap-view-stacked .elementor-drop-cap{background-color:#69727d;color:#fff}.elementor-widget-text-editor.elementor-drop-cap-view-framed .elementor-drop-cap{color:#69727d;border:3px solid;background-color:transparent}.elementor-widget-text-editor:not(.elementor-drop-cap-view-default) .elementor-drop-cap{margin-top:8px}.elementor-widget-text-editor:not(.elementor-drop-cap-view-default) .elementor-drop-cap-letter{width:1em;height:1em}.elementor-widget-text-editor .elementor-drop-cap{float:left;text-align:center;line-height:1;font-size:50px}.elementor-widget-text-editor .elementor-drop-cap-letter{display:inline-block}<\/style>\t\t\t\t<p>Avec la cr\u00e9ation d\u2019un nouveau p\u00f4le \u00ab femme-m\u00e8re-enfant \u00bb int\u00e9gr\u00e9 au sein de HPLB, la maternit\u00e9 lance son projet de r\u00e9novation. Certaines prises en charge notamment le cancer et l\u2019endom\u00e9triose suivies sur HPLB, HPVA, LV viennent renforcer le maillage territorial pour r\u00e9pondre aux besoins de nos patientes.<br \/>Les deux \u00e9quipes de maternit\u00e9 s\u2019engagent dans la d\u00e9marche de labellisation de maternit\u00e9 \u00e9co-responsable.<br \/>La proximit\u00e9 et le rapprochement des \u00e9quipes de gyn\u00e9cologie et de laboratoire proposent toute l\u2019offre n\u00e9cessaire pour l\u2019accompagnement des couples dans les parcours PMA.<\/p>\t\t\t\t\t\t<\/div>\n\t\t\t\t<\/div>\n\t\t\t\t\t<\/div>\n\t\t<\/div>\n\t\t\t\t\t<\/div>\n\t\t<\/section>\n\t\t\t\t<section class=\"elementor-section elementor-top-section elementor-element elementor-element-b6fe539 elementor-section-boxed elementor-section-height-default elementor-section-height-default\" data-id=\"b6fe539\" data-element_type=\"section\">\n\t\t\t\t\t\t<div class=\"elementor-container elementor-column-gap-default\">\n\t\t\t\t\t<div class=\"elementor-column elementor-col-100 elementor-top-column elementor-element elementor-element-1b8dcc1\" data-id=\"1b8dcc1\" data-element_type=\"column\">\n\t\t\t<div class=\"elementor-widget-wrap elementor-element-populated\">\n\t\t\t\t\t\t<div class=\"elementor-element elementor-element-29b74d9 elementor-widget elementor-widget-text-editor\" data-id=\"29b74d9\" data-element_type=\"widget\" data-widget_type=\"text-editor.default\">\n\t\t\t\t<div class=\"elementor-widget-container\">\n\t\t\t\t\t\t\t<p>Pour la r\u00e9novation de la maternit\u00e9 de HPLB, des groupes de travail avec les \u00e9quipes m\u00e9dicales et param\u00e9dicales ont \u00e9t\u00e9 men\u00e9s avec un cabinet d\u2019architecture. <br \/>Des travaux seront r\u00e9alis\u00e9s \u00e0 partir du 2\u00e8me trimestre 2024.<\/p><p><br \/>La maternit\u00e9 est inscrite dans une d\u00e9marche de maternit\u00e9 \u00e9co-responsable et le label IHAB a \u00e9t\u00e9 renouvel\u00e9.<\/p>\t\t\t\t\t\t<\/div>\n\t\t\t\t<\/div>\n\t\t\t\t<section class=\"elementor-section elementor-inner-section elementor-element elementor-element-f1db815 elementor-section-boxed elementor-section-height-default elementor-section-height-default\" data-id=\"f1db815\" data-element_type=\"section\">\n\t\t\t\t\t\t<div class=\"elementor-container elementor-column-gap-default\">\n\t\t\t\t\t<div class=\"elementor-column elementor-col-50 elementor-inner-column elementor-element elementor-element-95adffe\" data-id=\"95adffe\" data-element_type=\"column\">\n\t\t\t<div class=\"elementor-widget-wrap elementor-element-populated\">\n\t\t\t\t\t\t<div class=\"elementor-element elementor-element-44083c7 elementor-widget elementor-widget-image\" data-id=\"44083c7\" data-element_type=\"widget\" data-widget_type=\"image.default\">\n\t\t\t\t<div class=\"elementor-widget-container\">\n\t\t\t<style>\/*! elementor - v3.19.0 - 07-02-2024 *\/\n.elementor-widget-image{text-align:center}.elementor-widget-image a{display:inline-block}.elementor-widget-image a img[src$=\".svg\"]{width:48px}.elementor-widget-image img{vertical-align:middle;display:inline-block}<\/style>\t\t\t\t\t\t\t\t\t\t<img fetchpriority=\"high\" decoding=\"async\" width=\"950\" height=\"950\" src=\"https:\/\/yes-we-care-lille.com\/wp-content\/uploads\/2024\/02\/hplb-ihab-1-1024x1024.jpeg\" class=\"attachment-large size-large wp-image-809\" alt=\"\" srcset=\"https:\/\/yes-we-care-lille.com\/wp-content\/uploads\/2024\/02\/hplb-ihab-1-1024x1024.jpeg 1024w, https:\/\/yes-we-care-lille.com\/wp-content\/uploads\/2024\/02\/hplb-ihab-1-300x300.jpeg 300w, https:\/\/yes-we-care-lille.com\/wp-content\/uploads\/2024\/02\/hplb-ihab-1-150x150.jpeg 150w, https:\/\/yes-we-care-lille.com\/wp-content\/uploads\/2024\/02\/hplb-ihab-1-768x768.jpeg 768w, https:\/\/yes-we-care-lille.com\/wp-content\/uploads\/2024\/02\/hplb-ihab-1.jpeg 1080w\" sizes=\"100vw\" \/>\t\t\t\t\t\t\t\t\t\t\t\t\t<\/div>\n\t\t\t\t<\/div>\n\t\t\t\t\t<\/div>\n\t\t<\/div>\n\t\t\t\t<div class=\"elementor-column elementor-col-50 elementor-inner-column elementor-element elementor-element-a337034\" data-id=\"a337034\" data-element_type=\"column\">\n\t\t\t<div class=\"elementor-widget-wrap elementor-element-populated\">\n\t\t\t\t\t\t<div class=\"elementor-element elementor-element-0cca858 elementor-widget elementor-widget-image\" data-id=\"0cca858\" data-element_type=\"widget\" data-widget_type=\"image.default\">\n\t\t\t\t<div class=\"elementor-widget-container\">\n\t\t\t\t\t\t\t\t\t\t\t\t\t<img decoding=\"async\" width=\"950\" height=\"950\" src=\"https:\/\/yes-we-care-lille.com\/wp-content\/uploads\/2024\/02\/hplb-ihab-2-1024x1024.jpeg\" class=\"attachment-large size-large wp-image-810\" alt=\"\" srcset=\"https:\/\/yes-we-care-lille.com\/wp-content\/uploads\/2024\/02\/hplb-ihab-2-1024x1024.jpeg 1024w, https:\/\/yes-we-care-lille.com\/wp-content\/uploads\/2024\/02\/hplb-ihab-2-300x300.jpeg 300w, https:\/\/yes-we-care-lille.com\/wp-content\/uploads\/2024\/02\/hplb-ihab-2-150x150.jpeg 150w, https:\/\/yes-we-care-lille.com\/wp-content\/uploads\/2024\/02\/hplb-ihab-2-768x768.jpeg 768w, https:\/\/yes-we-care-lille.com\/wp-content\/uploads\/2024\/02\/hplb-ihab-2.jpeg 1080w\" sizes=\"100vw\" \/>\t\t\t\t\t\t\t\t\t\t\t\t\t<\/div>\n\t\t\t\t<\/div>\n\t\t\t\t\t<\/div>\n\t\t<\/div>\n\t\t\t\t\t<\/div>\n\t\t<\/section>\n\t\t\t\t<div class=\"elementor-element elementor-element-5ad87d0 elementor-widget elementor-widget-spacer\" data-id=\"5ad87d0\" data-element_type=\"widget\" data-widget_type=\"spacer.default\">\n\t\t\t\t<div class=\"elementor-widget-container\">\n\t\t\t<style>\/*! elementor - v3.19.0 - 07-02-2024 *\/\n.elementor-column .elementor-spacer-inner{height:var(--spacer-size)}.e-con{--container-widget-width:100%}.e-con-inner>.elementor-widget-spacer,.e-con>.elementor-widget-spacer{width:var(--container-widget-width,var(--spacer-size));--align-self:var(--container-widget-align-self,initial);--flex-shrink:0}.e-con-inner>.elementor-widget-spacer>.elementor-widget-container,.e-con>.elementor-widget-spacer>.elementor-widget-container{height:100%;width:100%}.e-con-inner>.elementor-widget-spacer>.elementor-widget-container>.elementor-spacer,.e-con>.elementor-widget-spacer>.elementor-widget-container>.elementor-spacer{height:100%}.e-con-inner>.elementor-widget-spacer>.elementor-widget-container>.elementor-spacer>.elementor-spacer-inner,.e-con>.elementor-widget-spacer>.elementor-widget-container>.elementor-spacer>.elementor-spacer-inner{height:var(--container-widget-height,var(--spacer-size))}.e-con-inner>.elementor-widget-spacer.elementor-widget-empty,.e-con>.elementor-widget-spacer.elementor-widget-empty{position:relative;min-height:22px;min-width:22px}.e-con-inner>.elementor-widget-spacer.elementor-widget-empty .elementor-widget-empty-icon,.e-con>.elementor-widget-spacer.elementor-widget-empty .elementor-widget-empty-icon{position:absolute;top:0;bottom:0;left:0;right:0;margin:auto;padding:0;width:22px;height:22px}<\/style>\t\t<div class=\"elementor-spacer\">\n\t\t\t<div class=\"elementor-spacer-inner\"><\/div>\n\t\t<\/div>\n\t\t\t\t<\/div>\n\t\t\t\t<\/div>\n\t\t\t\t\t<\/div>\n\t\t<\/div>\n\t\t\t\t\t<\/div>\n\t\t<\/section>\n\t\t\t\t<section class=\"elementor-section elementor-top-section elementor-element elementor-element-9c22255 elementor-section-boxed elementor-section-height-default elementor-section-height-default\" data-id=\"9c22255\" data-element_type=\"section\">\n\t\t\t\t\t\t<div class=\"elementor-container elementor-column-gap-default\">\n\t\t\t\t\t<div class=\"elementor-column elementor-col-100 elementor-top-column elementor-element elementor-element-47ffad6\" data-id=\"47ffad6\" data-element_type=\"column\">\n\t\t\t<div class=\"elementor-widget-wrap elementor-element-populated\">\n\t\t\t\t\t\t<div class=\"elementor-element elementor-element-c184cc3 elementor-widget elementor-widget-text-editor\" data-id=\"c184cc3\" data-element_type=\"widget\" data-widget_type=\"text-editor.default\">\n\t\t\t\t<div class=\"elementor-widget-container\">\n\t\t\t\t\t\t\t<p>La maternit\u00e9 d\u2019HPVA est engag\u00e9e dans l\u2019obtention d\u2019un label THQSE lanc\u00e9 par l\u2019ARS Hauts de France. L\u2019audit sera r\u00e9alis\u00e9 en mars 2024.\u00a0<\/p>\t\t\t\t\t\t<\/div>\n\t\t\t\t<\/div>\n\t\t\t\t<section class=\"elementor-section elementor-inner-section elementor-element elementor-element-65e343c elementor-section-boxed elementor-section-height-default elementor-section-height-default\" data-id=\"65e343c\" data-element_type=\"section\">\n\t\t\t\t\t\t<div class=\"elementor-container elementor-column-gap-default\">\n\t\t\t\t\t<div class=\"elementor-column elementor-col-50 elementor-inner-column elementor-element elementor-element-65678b8\" data-id=\"65678b8\" data-element_type=\"column\">\n\t\t\t<div class=\"elementor-widget-wrap elementor-element-populated\">\n\t\t\t\t\t\t<div class=\"elementor-element elementor-element-9651892 elementor-widget elementor-widget-image\" data-id=\"9651892\" data-element_type=\"widget\" data-widget_type=\"image.default\">\n\t\t\t\t<div class=\"elementor-widget-container\">\n\t\t\t\t\t\t\t\t\t\t\t\t\t<img decoding=\"async\" width=\"950\" height=\"950\" src=\"https:\/\/yes-we-care-lille.com\/wp-content\/uploads\/2024\/02\/hpva-mater-2-1024x1024.jpeg\" class=\"attachment-large size-large wp-image-813\" alt=\"\" srcset=\"https:\/\/yes-we-care-lille.com\/wp-content\/uploads\/2024\/02\/hpva-mater-2-1024x1024.jpeg 1024w, https:\/\/yes-we-care-lille.com\/wp-content\/uploads\/2024\/02\/hpva-mater-2-300x300.jpeg 300w, https:\/\/yes-we-care-lille.com\/wp-content\/uploads\/2024\/02\/hpva-mater-2-150x150.jpeg 150w, https:\/\/yes-we-care-lille.com\/wp-content\/uploads\/2024\/02\/hpva-mater-2-768x768.jpeg 768w, https:\/\/yes-we-care-lille.com\/wp-content\/uploads\/2024\/02\/hpva-mater-2.jpeg 1080w\" sizes=\"100vw\" \/>\t\t\t\t\t\t\t\t\t\t\t\t\t<\/div>\n\t\t\t\t<\/div>\n\t\t\t\t\t<\/div>\n\t\t<\/div>\n\t\t\t\t<div class=\"elementor-column elementor-col-50 elementor-inner-column elementor-element elementor-element-b926547\" data-id=\"b926547\" data-element_type=\"column\">\n\t\t\t<div class=\"elementor-widget-wrap elementor-element-populated\">\n\t\t\t\t\t\t<div class=\"elementor-element elementor-element-8657988 elementor-widget elementor-widget-image\" data-id=\"8657988\" data-element_type=\"widget\" data-widget_type=\"image.default\">\n\t\t\t\t<div class=\"elementor-widget-container\">\n\t\t\t\t\t\t\t\t\t\t\t\t\t<img loading=\"lazy\" decoding=\"async\" width=\"950\" height=\"950\" src=\"https:\/\/yes-we-care-lille.com\/wp-content\/uploads\/2024\/02\/hpva-mater-1-1024x1024.jpeg\" class=\"attachment-large size-large wp-image-812\" alt=\"\" srcset=\"https:\/\/yes-we-care-lille.com\/wp-content\/uploads\/2024\/02\/hpva-mater-1-1024x1024.jpeg 1024w, https:\/\/yes-we-care-lille.com\/wp-content\/uploads\/2024\/02\/hpva-mater-1-300x300.jpeg 300w, https:\/\/yes-we-care-lille.com\/wp-content\/uploads\/2024\/02\/hpva-mater-1-150x150.jpeg 150w, https:\/\/yes-we-care-lille.com\/wp-content\/uploads\/2024\/02\/hpva-mater-1-768x768.jpeg 768w, https:\/\/yes-we-care-lille.com\/wp-content\/uploads\/2024\/02\/hpva-mater-1.jpeg 1080w\" sizes=\"100vw\" \/>\t\t\t\t\t\t\t\t\t\t\t\t\t<\/div>\n\t\t\t\t<\/div>\n\t\t\t\t\t<\/div>\n\t\t<\/div>\n\t\t\t\t\t<\/div>\n\t\t<\/section>\n\t\t\t\t<div class=\"elementor-element elementor-element-3e005ad elementor-widget elementor-widget-spacer\" data-id=\"3e005ad\" data-element_type=\"widget\" data-widget_type=\"spacer.default\">\n\t\t\t\t<div class=\"elementor-widget-container\">\n\t\t\t\t\t<div class=\"elementor-spacer\">\n\t\t\t<div class=\"elementor-spacer-inner\"><\/div>\n\t\t<\/div>\n\t\t\t\t<\/div>\n\t\t\t\t<\/div>\n\t\t\t\t\t<\/div>\n\t\t<\/div>\n\t\t\t\t\t<\/div>\n\t\t<\/section>\n\t\t\t\t<section class=\"elementor-section elementor-top-section elementor-element elementor-element-3c52776 elementor-section-stretched elementor-section-full_width elementor-section-height-default elementor-section-height-default\" data-id=\"3c52776\" data-element_type=\"section\" data-settings=\"{&quot;stretch_section&quot;:&quot;section-stretched&quot;,&quot;background_background&quot;:&quot;classic&quot;}\">\n\t\t\t\t\t\t<div class=\"elementor-container elementor-column-gap-default\">\n\t\t\t\t\t<div class=\"elementor-column elementor-col-100 elementor-top-column elementor-element elementor-element-39a025f\" data-id=\"39a025f\" data-element_type=\"column\">\n\t\t\t<div class=\"elementor-widget-wrap elementor-element-populated\">\n\t\t\t\t\t\t<div class=\"elementor-element elementor-element-ce17539 elementor-widget elementor-widget-text-editor\" data-id=\"ce17539\" data-element_type=\"widget\" data-widget_type=\"text-editor.default\">\n\t\t\t\t<div class=\"elementor-widget-container\">\n\t\t\t\t\t\t\t<p>Copyright \u00a9 2023 P\u00f4le Lille M\u00e9tropole &#8211; Ramsay Sant\u00e9<\/p>\t\t\t\t\t\t<\/div>\n\t\t\t\t<\/div>\n\t\t\t\t\t<\/div>\n\t\t<\/div>\n\t\t\t\t\t<\/div>\n\t\t<\/section>\n\t\t\t\t<\/div>\n\t\t","protected":false},"excerpt":{"rendered":"<p>Avec la cr\u00e9ation d\u2019un nouveau p\u00f4le \u00ab femme-m\u00e8re-enfant \u00bb int\u00e9gr\u00e9 au sein de HPLB, la maternit\u00e9 lance son projet de r\u00e9novation. Certaines prises en charge notamment le cancer et l\u2019endom\u00e9triose suivies sur HPLB, HPVA, LV viennent renforcer le maillage territorial pour r\u00e9pondre aux besoins de nos patientes.Les deux \u00e9quipes de maternit\u00e9 s\u2019engagent dans la d\u00e9marche &hellip; <\/p>\n<p class=\"link-more\"><a href=\"https:\/\/yes-we-care-lille.com\/?page_id=284\" class=\"more-link\">Lire la suite de<span class=\"screen-reader-text\">\u00ab\u00a0GYN\u00c9COLOGIE- OBST\u00c9TRIQUE-P\u00c9DIATRIE\u00a0\u00bb<\/span><\/a><\/p>\n","protected":false},"author":1,"featured_media":0,"parent":0,"menu_order":0,"comment_status":"closed","ping_status":"closed","template":"","meta":{"om_disable_all_campaigns":false,"_monsterinsights_skip_tracking":false,"_monsterinsights_sitenote_active":false,"_monsterinsights_sitenote_note":"","_monsterinsights_sitenote_category":0,"footnotes":""},"class_list":["post-284","page","type-page","status-publish","hentry"],"aioseo_notices":[],"yoast_head":"<!-- This site is optimized with the Yoast SEO plugin v22.1 - https:\/\/yoast.com\/wordpress\/plugins\/seo\/ -->\n<title>GYN\u00c9COLOGIE- OBST\u00c9TRIQUE-P\u00c9DIATRIE - Yes We Care Lille 2023<\/title>\n<meta name=\"robots\" content=\"index, follow, max-snippet:-1, max-image-preview:large, max-video-preview:-1\" \/>\n<link rel=\"canonical\" href=\"https:\/\/yes-we-care-lille.com\/?page_id=284\" \/>\n<meta property=\"og:locale\" content=\"fr_FR\" \/>\n<meta property=\"og:type\" content=\"article\" \/>\n<meta property=\"og:title\" content=\"GYN\u00c9COLOGIE- OBST\u00c9TRIQUE-P\u00c9DIATRIE - Yes We Care Lille 2023\" \/>\n<meta property=\"og:description\" content=\"Avec la cr\u00e9ation d\u2019un nouveau p\u00f4le \u00ab femme-m\u00e8re-enfant \u00bb int\u00e9gr\u00e9 au sein de HPLB, la maternit\u00e9 lance son projet de r\u00e9novation. Certaines prises en charge notamment le cancer et l\u2019endom\u00e9triose suivies sur HPLB, HPVA, LV viennent renforcer le maillage territorial pour r\u00e9pondre aux besoins de nos patientes.Les deux \u00e9quipes de maternit\u00e9 s\u2019engagent dans la d\u00e9marche &hellip; Lire la suite de\u00ab\u00a0GYN\u00c9COLOGIE- OBST\u00c9TRIQUE-P\u00c9DIATRIE\u00a0\u00bb\" \/>\n<meta property=\"og:url\" content=\"https:\/\/yes-we-care-lille.com\/?page_id=284\" \/>\n<meta property=\"og:site_name\" content=\"Yes We Care Lille 2023\" \/>\n<meta property=\"article:modified_time\" content=\"2024-02-23T14:29:53+00:00\" \/>\n<meta property=\"og:image\" content=\"https:\/\/yes-we-care-lille.com\/wp-content\/uploads\/2024\/02\/hplb-ihab-1-1024x1024.jpeg\" \/>\n<meta name=\"twitter:card\" content=\"summary_large_image\" \/>\n<meta name=\"twitter:label1\" content=\"Dur\u00e9e de lecture estim\u00e9e\" \/>\n\t<meta name=\"twitter:data1\" content=\"2 minutes\" \/>\n<script type=\"application\/ld+json\" class=\"yoast-schema-graph\">{\"@context\":\"https:\/\/schema.org\",\"@graph\":[{\"@type\":\"WebPage\",\"@id\":\"https:\/\/yes-we-care-lille.com\/?page_id=284\",\"url\":\"https:\/\/yes-we-care-lille.com\/?page_id=284\",\"name\":\"GYN\u00c9COLOGIE- OBST\u00c9TRIQUE-P\u00c9DIATRIE - Yes We Care Lille 2023\",\"isPartOf\":{\"@id\":\"https:\/\/yes-we-care-lille.com\/#website\"},\"datePublished\":\"2023-03-15T14:18:30+00:00\",\"dateModified\":\"2024-02-23T14:29:53+00:00\",\"breadcrumb\":{\"@id\":\"https:\/\/yes-we-care-lille.com\/?page_id=284#breadcrumb\"},\"inLanguage\":\"fr-FR\",\"potentialAction\":[{\"@type\":\"ReadAction\",\"target\":[\"https:\/\/yes-we-care-lille.com\/?page_id=284\"]}]},{\"@type\":\"BreadcrumbList\",\"@id\":\"https:\/\/yes-we-care-lille.com\/?page_id=284#breadcrumb\",\"itemListElement\":[{\"@type\":\"ListItem\",\"position\":1,\"name\":\"Accueil\",\"item\":\"https:\/\/yes-we-care-lille.com\/\"},{\"@type\":\"ListItem\",\"position\":2,\"name\":\"GYN\u00c9COLOGIE- OBST\u00c9TRIQUE-P\u00c9DIATRIE\"}]},{\"@type\":\"WebSite\",\"@id\":\"https:\/\/yes-we-care-lille.com\/#website\",\"url\":\"https:\/\/yes-we-care-lille.com\/\",\"name\":\"Yes We Care Lille 2023\",\"description\":\"Projet m\u00e9dical du P\u00f4le Lille M\u00e9tropole - Ramsay Sant\u00e9\",\"publisher\":{\"@id\":\"https:\/\/yes-we-care-lille.com\/#organization\"},\"potentialAction\":[{\"@type\":\"SearchAction\",\"target\":{\"@type\":\"EntryPoint\",\"urlTemplate\":\"https:\/\/yes-we-care-lille.com\/?s={search_term_string}\"},\"query-input\":\"required name=search_term_string\"}],\"inLanguage\":\"fr-FR\"},{\"@type\":\"Organization\",\"@id\":\"https:\/\/yes-we-care-lille.com\/#organization\",\"name\":\"Yes We Care Lille 2023\",\"url\":\"https:\/\/yes-we-care-lille.com\/\",\"logo\":{\"@type\":\"ImageObject\",\"inLanguage\":\"fr-FR\",\"@id\":\"https:\/\/yes-we-care-lille.com\/#\/schema\/logo\/image\/\",\"url\":\"https:\/\/yes-we-care-lille.com\/wp-content\/uploads\/2023\/03\/cropped-logo-yeswecarelille2023-white.png\",\"contentUrl\":\"https:\/\/yes-we-care-lille.com\/wp-content\/uploads\/2023\/03\/cropped-logo-yeswecarelille2023-white.png\",\"width\":1080,\"height\":600,\"caption\":\"Yes We Care Lille 2023\"},\"image\":{\"@id\":\"https:\/\/yes-we-care-lille.com\/#\/schema\/logo\/image\/\"}}]}<\/script>\n<!-- \/ Yoast SEO plugin. -->","yoast_head_json":{"title":"GYN\u00c9COLOGIE- OBST\u00c9TRIQUE-P\u00c9DIATRIE - Yes We Care Lille 2023","robots":{"index":"index","follow":"follow","max-snippet":"max-snippet:-1","max-image-preview":"max-image-preview:large","max-video-preview":"max-video-preview:-1"},"canonical":"https:\/\/yes-we-care-lille.com\/?page_id=284","og_locale":"fr_FR","og_type":"article","og_title":"GYN\u00c9COLOGIE- OBST\u00c9TRIQUE-P\u00c9DIATRIE - Yes We Care Lille 2023","og_description":"Avec la cr\u00e9ation d\u2019un nouveau p\u00f4le \u00ab femme-m\u00e8re-enfant \u00bb int\u00e9gr\u00e9 au sein de HPLB, la maternit\u00e9 lance son projet de r\u00e9novation. Certaines prises en charge notamment le cancer et l\u2019endom\u00e9triose suivies sur HPLB, HPVA, LV viennent renforcer le maillage territorial pour r\u00e9pondre aux besoins de nos patientes.Les deux \u00e9quipes de maternit\u00e9 s\u2019engagent dans la d\u00e9marche &hellip; Lire la suite de\u00ab\u00a0GYN\u00c9COLOGIE- OBST\u00c9TRIQUE-P\u00c9DIATRIE\u00a0\u00bb","og_url":"https:\/\/yes-we-care-lille.com\/?page_id=284","og_site_name":"Yes We Care Lille 2023","article_modified_time":"2024-02-23T14:29:53+00:00","og_image":[{"url":"https:\/\/yes-we-care-lille.com\/wp-content\/uploads\/2024\/02\/hplb-ihab-1-1024x1024.jpeg"}],"twitter_card":"summary_large_image","twitter_misc":{"Dur\u00e9e de lecture estim\u00e9e":"2 minutes"},"schema":{"@context":"https:\/\/schema.org","@graph":[{"@type":"WebPage","@id":"https:\/\/yes-we-care-lille.com\/?page_id=284","url":"https:\/\/yes-we-care-lille.com\/?page_id=284","name":"GYN\u00c9COLOGIE- OBST\u00c9TRIQUE-P\u00c9DIATRIE - Yes We Care Lille 2023","isPartOf":{"@id":"https:\/\/yes-we-care-lille.com\/#website"},"datePublished":"2023-03-15T14:18:30+00:00","dateModified":"2024-02-23T14:29:53+00:00","breadcrumb":{"@id":"https:\/\/yes-we-care-lille.com\/?page_id=284#breadcrumb"},"inLanguage":"fr-FR","potentialAction":[{"@type":"ReadAction","target":["https:\/\/yes-we-care-lille.com\/?page_id=284"]}]},{"@type":"BreadcrumbList","@id":"https:\/\/yes-we-care-lille.com\/?page_id=284#breadcrumb","itemListElement":[{"@type":"ListItem","position":1,"name":"Accueil","item":"https:\/\/yes-we-care-lille.com\/"},{"@type":"ListItem","position":2,"name":"GYN\u00c9COLOGIE- OBST\u00c9TRIQUE-P\u00c9DIATRIE"}]},{"@type":"WebSite","@id":"https:\/\/yes-we-care-lille.com\/#website","url":"https:\/\/yes-we-care-lille.com\/","name":"Yes We Care Lille 2023","description":"Projet m\u00e9dical du P\u00f4le Lille M\u00e9tropole - Ramsay Sant\u00e9","publisher":{"@id":"https:\/\/yes-we-care-lille.com\/#organization"},"potentialAction":[{"@type":"SearchAction","target":{"@type":"EntryPoint","urlTemplate":"https:\/\/yes-we-care-lille.com\/?s={search_term_string}"},"query-input":"required name=search_term_string"}],"inLanguage":"fr-FR"},{"@type":"Organization","@id":"https:\/\/yes-we-care-lille.com\/#organization","name":"Yes We Care Lille 2023","url":"https:\/\/yes-we-care-lille.com\/","logo":{"@type":"ImageObject","inLanguage":"fr-FR","@id":"https:\/\/yes-we-care-lille.com\/#\/schema\/logo\/image\/","url":"https:\/\/yes-we-care-lille.com\/wp-content\/uploads\/2023\/03\/cropped-logo-yeswecarelille2023-white.png","contentUrl":"https:\/\/yes-we-care-lille.com\/wp-content\/uploads\/2023\/03\/cropped-logo-yeswecarelille2023-white.png","width":1080,"height":600,"caption":"Yes We Care Lille 2023"},"image":{"@id":"https:\/\/yes-we-care-lille.com\/#\/schema\/logo\/image\/"}}]}},"_links":{"self":[{"href":"https:\/\/yes-we-care-lille.com\/index.php?rest_route=\/wp\/v2\/pages\/284","targetHints":{"allow":["GET"]}}],"collection":[{"href":"https:\/\/yes-we-care-lille.com\/index.php?rest_route=\/wp\/v2\/pages"}],"about":[{"href":"https:\/\/yes-we-care-lille.com\/index.php?rest_route=\/wp\/v2\/types\/page"}],"author":[{"embeddable":true,"href":"https:\/\/yes-we-care-lille.com\/index.php?rest_route=\/wp\/v2\/users\/1"}],"replies":[{"embeddable":true,"href":"https:\/\/yes-we-care-lille.com\/index.php?rest_route=%2Fwp%2Fv2%2Fcomments&post=284"}],"version-history":[{"count":19,"href":"https:\/\/yes-we-care-lille.com\/index.php?rest_route=\/wp\/v2\/pages\/284\/revisions"}],"predecessor-version":[{"id":816,"href":"https:\/\/yes-we-care-lille.com\/index.php?rest_route=\/wp\/v2\/pages\/284\/revisions\/816"}],"wp:attachment":[{"href":"https:\/\/yes-we-care-lille.com\/index.php?rest_route=%2Fwp%2Fv2%2Fmedia&parent=284"}],"curies":[{"name":"wp","href":"https:\/\/api.w.org\/{rel}","templated":true}]}}