{"id":196,"date":"2023-03-15T14:46:14","date_gmt":"2023-03-15T13:46:14","guid":{"rendered":"https:\/\/yes-we-care-lille.com\/?page_id=196"},"modified":"2024-02-23T15:42:14","modified_gmt":"2024-02-23T14:42:14","slug":"cancerologie-2","status":"publish","type":"page","link":"https:\/\/yes-we-care-lille.com\/?page_id=196","title":{"rendered":"CANC\u00c9ROLOGIE"},"content":{"rendered":"\t\t<div data-elementor-type=\"wp-page\" data-elementor-id=\"196\" class=\"elementor elementor-196\">\n\t\t\t\t\t\t<section class=\"elementor-section elementor-top-section elementor-element elementor-element-f6d6475 elementor-section-boxed elementor-section-height-default elementor-section-height-default\" data-id=\"f6d6475\" data-element_type=\"section\" data-settings=\"{&quot;background_background&quot;:&quot;classic&quot;}\">\n\t\t\t\t\t\t\t<div class=\"elementor-background-overlay\"><\/div>\n\t\t\t\t\t\t\t<div class=\"elementor-container elementor-column-gap-default\">\n\t\t\t\t\t<div class=\"elementor-column elementor-col-100 elementor-top-column elementor-element elementor-element-2ab6854\" data-id=\"2ab6854\" data-element_type=\"column\">\n\t\t\t<div class=\"elementor-widget-wrap elementor-element-populated\">\n\t\t\t\t\t\t<div class=\"elementor-element elementor-element-a5c4d36 elementor-widget elementor-widget-text-editor\" data-id=\"a5c4d36\" data-element_type=\"widget\" data-widget_type=\"text-editor.default\">\n\t\t\t\t<div class=\"elementor-widget-container\">\n\t\t\t<style>\/*! elementor - v3.19.0 - 07-02-2024 *\/\n.elementor-widget-text-editor.elementor-drop-cap-view-stacked .elementor-drop-cap{background-color:#69727d;color:#fff}.elementor-widget-text-editor.elementor-drop-cap-view-framed .elementor-drop-cap{color:#69727d;border:3px solid;background-color:transparent}.elementor-widget-text-editor:not(.elementor-drop-cap-view-default) .elementor-drop-cap{margin-top:8px}.elementor-widget-text-editor:not(.elementor-drop-cap-view-default) .elementor-drop-cap-letter{width:1em;height:1em}.elementor-widget-text-editor .elementor-drop-cap{float:left;text-align:center;line-height:1;font-size:50px}.elementor-widget-text-editor .elementor-drop-cap-letter{display:inline-block}<\/style>\t\t\t\t<p>La notion de r\u00e9seau de prise en charge en canc\u00e9rologie sur le P\u00f4le renforcera le maillage optimis\u00e9 des soins de support sur nos 4 \u00e9tablissements, en compl\u00e9ment d\u2019investissements innovants engag\u00e9s par les radioth\u00e9rapeutes.<\/p>\t\t\t\t\t\t<\/div>\n\t\t\t\t<\/div>\n\t\t\t\t\t<\/div>\n\t\t<\/div>\n\t\t\t\t\t<\/div>\n\t\t<\/section>\n\t\t\t\t<section class=\"elementor-section elementor-top-section elementor-element elementor-element-b6fe539 elementor-section-boxed elementor-section-height-default elementor-section-height-default\" data-id=\"b6fe539\" data-element_type=\"section\">\n\t\t\t\t\t\t<div class=\"elementor-container elementor-column-gap-default\">\n\t\t\t\t\t<div class=\"elementor-column elementor-col-100 elementor-top-column elementor-element elementor-element-1b8dcc1\" data-id=\"1b8dcc1\" data-element_type=\"column\">\n\t\t\t<div class=\"elementor-widget-wrap elementor-element-populated\">\n\t\t\t\t\t\t<div class=\"elementor-element elementor-element-840680e elementor-widget elementor-widget-text-editor\" data-id=\"840680e\" data-element_type=\"widget\" data-widget_type=\"text-editor.default\">\n\t\t\t\t<div class=\"elementor-widget-container\">\n\t\t\t\t\t\t\t<p>Les \u00e9quipes m\u00e9dicales de pneumologie et les \u00e9quipes de coordination canc\u00e9rologie ont lanc\u00e9 aupr\u00e8s des patients le projet R\u00e9silience sur l&rsquo;H\u00f4pital Priv\u00e9 La Louvi\u00e8re <br \/><br \/>R\u00e9silience est un outil de t\u00e9l\u00e9surveillance du patient en oncologie pour un accompagnement au plus pr\u00e8s de son quotidien et en dehors des murs de l\u2019h\u00f4pital. <br \/><br \/>L\u2019objectif de cette innovation technologique au sein du P\u00f4le permet de mieux coordonner les \u00e9quipes, d\u2019effectuer un meilleur suivi des patients et de leur proposer l\u2019accompagnement adapt\u00e9 pour leur qualit\u00e9 de vie.<\/p>\t\t\t\t\t\t<\/div>\n\t\t\t\t<\/div>\n\t\t\t\t<div class=\"elementor-element elementor-element-4a52108 elementor-widget elementor-widget-text-editor\" data-id=\"4a52108\" data-element_type=\"widget\" data-widget_type=\"text-editor.default\">\n\t\t\t\t<div class=\"elementor-widget-container\">\n\t\t\t\t\t\t\t<p><strong>[R\u00e9novation Service Oncologie &#8211; Institut de Canc\u00e9rologie P\u00f4le Lille M\u00e9tropole]<\/strong><\/p><p>\u2b50\ufe0f Le service d\u2019oncologie de l\u2019H\u00f4pital priv\u00e9 Le Bois fait peau neuve, gr\u00e2ce \u00e0 la r\u00e9novation des peintures et la mise en place d\u2019images de vie de Pleine Conscience et d\u2019humanisation. Les patients, visiteurs et soignants sont ravis de cette nouvelle d\u00e9coration !<\/p><p><br \/>\u2705 Celle-ci permet de sortir du cadre hospitalier en cr\u00e9ant un lieu accueillant et apaisant lors des soins. Nous allons prochainement r\u00e9aliser un nouvel espace d\u2019accueil ainsi qu\u2019une salle des familles et d\u2019ateliers en canc\u00e9rologie.<\/p>\t\t\t\t\t\t<\/div>\n\t\t\t\t<\/div>\n\t\t\t\t\t<\/div>\n\t\t<\/div>\n\t\t\t\t\t<\/div>\n\t\t<\/section>\n\t\t\t\t<section class=\"elementor-section elementor-top-section elementor-element elementor-element-eac4d39 elementor-section-boxed elementor-section-height-default elementor-section-height-default\" data-id=\"eac4d39\" data-element_type=\"section\">\n\t\t\t\t\t\t<div class=\"elementor-container elementor-column-gap-default\">\n\t\t\t\t\t<div class=\"elementor-column elementor-col-100 elementor-top-column elementor-element elementor-element-39a55fe\" data-id=\"39a55fe\" data-element_type=\"column\">\n\t\t\t<div class=\"elementor-widget-wrap elementor-element-populated\">\n\t\t\t\t\t\t<section class=\"elementor-section elementor-inner-section elementor-element elementor-element-c305c04 elementor-section-boxed elementor-section-height-default elementor-section-height-default\" data-id=\"c305c04\" data-element_type=\"section\">\n\t\t\t\t\t\t<div class=\"elementor-container elementor-column-gap-default\">\n\t\t\t\t\t<div class=\"elementor-column elementor-col-50 elementor-inner-column elementor-element elementor-element-9682e07\" data-id=\"9682e07\" data-element_type=\"column\">\n\t\t\t<div class=\"elementor-widget-wrap elementor-element-populated\">\n\t\t\t\t\t\t<div class=\"elementor-element elementor-element-ed36997 elementor-widget elementor-widget-image\" data-id=\"ed36997\" data-element_type=\"widget\" data-widget_type=\"image.default\">\n\t\t\t\t<div class=\"elementor-widget-container\">\n\t\t\t<style>\/*! elementor - v3.19.0 - 07-02-2024 *\/\n.elementor-widget-image{text-align:center}.elementor-widget-image a{display:inline-block}.elementor-widget-image a img[src$=\".svg\"]{width:48px}.elementor-widget-image img{vertical-align:middle;display:inline-block}<\/style>\t\t\t\t\t\t\t\t\t\t<img fetchpriority=\"high\" decoding=\"async\" width=\"950\" height=\"950\" src=\"https:\/\/yes-we-care-lille.com\/wp-content\/uploads\/2024\/02\/cancero-1-1024x1024.jpeg\" class=\"attachment-large size-large wp-image-765\" alt=\"\" srcset=\"https:\/\/yes-we-care-lille.com\/wp-content\/uploads\/2024\/02\/cancero-1-1024x1024.jpeg 1024w, https:\/\/yes-we-care-lille.com\/wp-content\/uploads\/2024\/02\/cancero-1-300x300.jpeg 300w, https:\/\/yes-we-care-lille.com\/wp-content\/uploads\/2024\/02\/cancero-1-150x150.jpeg 150w, https:\/\/yes-we-care-lille.com\/wp-content\/uploads\/2024\/02\/cancero-1-768x768.jpeg 768w, https:\/\/yes-we-care-lille.com\/wp-content\/uploads\/2024\/02\/cancero-1.jpeg 1080w\" sizes=\"100vw\" \/>\t\t\t\t\t\t\t\t\t\t\t\t\t<\/div>\n\t\t\t\t<\/div>\n\t\t\t\t\t<\/div>\n\t\t<\/div>\n\t\t\t\t<div class=\"elementor-column elementor-col-50 elementor-inner-column elementor-element elementor-element-346dec9\" data-id=\"346dec9\" data-element_type=\"column\">\n\t\t\t<div class=\"elementor-widget-wrap elementor-element-populated\">\n\t\t\t\t\t\t<div class=\"elementor-element elementor-element-9264cc9 elementor-widget elementor-widget-image\" data-id=\"9264cc9\" data-element_type=\"widget\" data-widget_type=\"image.default\">\n\t\t\t\t<div class=\"elementor-widget-container\">\n\t\t\t\t\t\t\t\t\t\t\t\t\t<img decoding=\"async\" width=\"950\" height=\"950\" src=\"https:\/\/yes-we-care-lille.com\/wp-content\/uploads\/2024\/02\/cancero-2-1024x1024.jpeg\" class=\"attachment-large size-large wp-image-766\" alt=\"\" srcset=\"https:\/\/yes-we-care-lille.com\/wp-content\/uploads\/2024\/02\/cancero-2-1024x1024.jpeg 1024w, https:\/\/yes-we-care-lille.com\/wp-content\/uploads\/2024\/02\/cancero-2-300x300.jpeg 300w, https:\/\/yes-we-care-lille.com\/wp-content\/uploads\/2024\/02\/cancero-2-150x150.jpeg 150w, https:\/\/yes-we-care-lille.com\/wp-content\/uploads\/2024\/02\/cancero-2-768x768.jpeg 768w, https:\/\/yes-we-care-lille.com\/wp-content\/uploads\/2024\/02\/cancero-2.jpeg 1080w\" sizes=\"100vw\" \/>\t\t\t\t\t\t\t\t\t\t\t\t\t<\/div>\n\t\t\t\t<\/div>\n\t\t\t\t\t<\/div>\n\t\t<\/div>\n\t\t\t\t\t<\/div>\n\t\t<\/section>\n\t\t\t\t<section class=\"elementor-section elementor-inner-section elementor-element elementor-element-1792d1d elementor-section-boxed elementor-section-height-default elementor-section-height-default\" data-id=\"1792d1d\" data-element_type=\"section\">\n\t\t\t\t\t\t<div class=\"elementor-container elementor-column-gap-default\">\n\t\t\t\t\t<div class=\"elementor-column elementor-col-50 elementor-inner-column elementor-element elementor-element-7060288\" data-id=\"7060288\" data-element_type=\"column\">\n\t\t\t<div class=\"elementor-widget-wrap elementor-element-populated\">\n\t\t\t\t\t\t<div class=\"elementor-element elementor-element-2148888 elementor-widget elementor-widget-image\" data-id=\"2148888\" data-element_type=\"widget\" data-widget_type=\"image.default\">\n\t\t\t\t<div class=\"elementor-widget-container\">\n\t\t\t\t\t\t\t\t\t\t\t\t\t<img decoding=\"async\" width=\"950\" height=\"950\" src=\"https:\/\/yes-we-care-lille.com\/wp-content\/uploads\/2024\/02\/cancero-3-1024x1024.jpeg\" class=\"attachment-large size-large wp-image-767\" alt=\"\" srcset=\"https:\/\/yes-we-care-lille.com\/wp-content\/uploads\/2024\/02\/cancero-3-1024x1024.jpeg 1024w, https:\/\/yes-we-care-lille.com\/wp-content\/uploads\/2024\/02\/cancero-3-300x300.jpeg 300w, https:\/\/yes-we-care-lille.com\/wp-content\/uploads\/2024\/02\/cancero-3-150x150.jpeg 150w, https:\/\/yes-we-care-lille.com\/wp-content\/uploads\/2024\/02\/cancero-3-768x768.jpeg 768w, https:\/\/yes-we-care-lille.com\/wp-content\/uploads\/2024\/02\/cancero-3.jpeg 1080w\" sizes=\"100vw\" \/>\t\t\t\t\t\t\t\t\t\t\t\t\t<\/div>\n\t\t\t\t<\/div>\n\t\t\t\t\t<\/div>\n\t\t<\/div>\n\t\t\t\t<div class=\"elementor-column elementor-col-50 elementor-inner-column elementor-element elementor-element-7d2fa45\" data-id=\"7d2fa45\" data-element_type=\"column\">\n\t\t\t<div class=\"elementor-widget-wrap elementor-element-populated\">\n\t\t\t\t\t\t<div class=\"elementor-element elementor-element-2d52e6e elementor-widget elementor-widget-image\" data-id=\"2d52e6e\" data-element_type=\"widget\" data-widget_type=\"image.default\">\n\t\t\t\t<div class=\"elementor-widget-container\">\n\t\t\t\t\t\t\t\t\t\t\t\t\t<img loading=\"lazy\" decoding=\"async\" width=\"950\" height=\"950\" src=\"https:\/\/yes-we-care-lille.com\/wp-content\/uploads\/2024\/02\/cancero-4-1024x1024.jpeg\" class=\"attachment-large size-large wp-image-768\" alt=\"\" srcset=\"https:\/\/yes-we-care-lille.com\/wp-content\/uploads\/2024\/02\/cancero-4-1024x1024.jpeg 1024w, https:\/\/yes-we-care-lille.com\/wp-content\/uploads\/2024\/02\/cancero-4-300x300.jpeg 300w, https:\/\/yes-we-care-lille.com\/wp-content\/uploads\/2024\/02\/cancero-4-150x150.jpeg 150w, https:\/\/yes-we-care-lille.com\/wp-content\/uploads\/2024\/02\/cancero-4-768x768.jpeg 768w, https:\/\/yes-we-care-lille.com\/wp-content\/uploads\/2024\/02\/cancero-4.jpeg 1080w\" sizes=\"100vw\" \/>\t\t\t\t\t\t\t\t\t\t\t\t\t<\/div>\n\t\t\t\t<\/div>\n\t\t\t\t\t<\/div>\n\t\t<\/div>\n\t\t\t\t\t<\/div>\n\t\t<\/section>\n\t\t\t\t\t<\/div>\n\t\t<\/div>\n\t\t\t\t\t<\/div>\n\t\t<\/section>\n\t\t\t\t<section class=\"elementor-section elementor-top-section elementor-element elementor-element-17d1a79 elementor-section-boxed elementor-section-height-default elementor-section-height-default\" data-id=\"17d1a79\" data-element_type=\"section\">\n\t\t\t\t\t\t<div class=\"elementor-container elementor-column-gap-default\">\n\t\t\t\t\t<div class=\"elementor-column elementor-col-100 elementor-top-column elementor-element elementor-element-6067523\" data-id=\"6067523\" data-element_type=\"column\">\n\t\t\t<div class=\"elementor-widget-wrap elementor-element-populated\">\n\t\t\t\t\t\t<div class=\"elementor-element elementor-element-5ad87d0 elementor-widget elementor-widget-spacer\" data-id=\"5ad87d0\" data-element_type=\"widget\" data-widget_type=\"spacer.default\">\n\t\t\t\t<div class=\"elementor-widget-container\">\n\t\t\t<style>\/*! elementor - v3.19.0 - 07-02-2024 *\/\n.elementor-column .elementor-spacer-inner{height:var(--spacer-size)}.e-con{--container-widget-width:100%}.e-con-inner>.elementor-widget-spacer,.e-con>.elementor-widget-spacer{width:var(--container-widget-width,var(--spacer-size));--align-self:var(--container-widget-align-self,initial);--flex-shrink:0}.e-con-inner>.elementor-widget-spacer>.elementor-widget-container,.e-con>.elementor-widget-spacer>.elementor-widget-container{height:100%;width:100%}.e-con-inner>.elementor-widget-spacer>.elementor-widget-container>.elementor-spacer,.e-con>.elementor-widget-spacer>.elementor-widget-container>.elementor-spacer{height:100%}.e-con-inner>.elementor-widget-spacer>.elementor-widget-container>.elementor-spacer>.elementor-spacer-inner,.e-con>.elementor-widget-spacer>.elementor-widget-container>.elementor-spacer>.elementor-spacer-inner{height:var(--container-widget-height,var(--spacer-size))}.e-con-inner>.elementor-widget-spacer.elementor-widget-empty,.e-con>.elementor-widget-spacer.elementor-widget-empty{position:relative;min-height:22px;min-width:22px}.e-con-inner>.elementor-widget-spacer.elementor-widget-empty .elementor-widget-empty-icon,.e-con>.elementor-widget-spacer.elementor-widget-empty .elementor-widget-empty-icon{position:absolute;top:0;bottom:0;left:0;right:0;margin:auto;padding:0;width:22px;height:22px}<\/style>\t\t<div class=\"elementor-spacer\">\n\t\t\t<div class=\"elementor-spacer-inner\"><\/div>\n\t\t<\/div>\n\t\t\t\t<\/div>\n\t\t\t\t<\/div>\n\t\t\t\t\t<\/div>\n\t\t<\/div>\n\t\t\t\t\t<\/div>\n\t\t<\/section>\n\t\t\t\t<section class=\"elementor-section elementor-top-section elementor-element elementor-element-3c52776 elementor-section-stretched elementor-section-full_width elementor-section-height-default elementor-section-height-default\" data-id=\"3c52776\" data-element_type=\"section\" data-settings=\"{&quot;stretch_section&quot;:&quot;section-stretched&quot;,&quot;background_background&quot;:&quot;classic&quot;}\">\n\t\t\t\t\t\t<div class=\"elementor-container elementor-column-gap-default\">\n\t\t\t\t\t<div class=\"elementor-column elementor-col-100 elementor-top-column elementor-element elementor-element-39a025f\" data-id=\"39a025f\" data-element_type=\"column\">\n\t\t\t<div class=\"elementor-widget-wrap elementor-element-populated\">\n\t\t\t\t\t\t<div class=\"elementor-element elementor-element-ce17539 elementor-widget elementor-widget-text-editor\" data-id=\"ce17539\" data-element_type=\"widget\" data-widget_type=\"text-editor.default\">\n\t\t\t\t<div class=\"elementor-widget-container\">\n\t\t\t\t\t\t\t<p>Copyright \u00a9 2023 P\u00f4le Lille M\u00e9tropole &#8211; Ramsay Sant\u00e9<\/p>\t\t\t\t\t\t<\/div>\n\t\t\t\t<\/div>\n\t\t\t\t\t<\/div>\n\t\t<\/div>\n\t\t\t\t\t<\/div>\n\t\t<\/section>\n\t\t\t\t<\/div>\n\t\t","protected":false},"excerpt":{"rendered":"<p>La notion de r\u00e9seau de prise en charge en canc\u00e9rologie sur le P\u00f4le renforcera le maillage optimis\u00e9 des soins de support sur nos 4 \u00e9tablissements, en compl\u00e9ment d\u2019investissements innovants engag\u00e9s par les radioth\u00e9rapeutes. Les \u00e9quipes m\u00e9dicales de pneumologie et les \u00e9quipes de coordination canc\u00e9rologie ont lanc\u00e9 aupr\u00e8s des patients le projet R\u00e9silience sur l&rsquo;H\u00f4pital Priv\u00e9 &hellip; <\/p>\n<p class=\"link-more\"><a href=\"https:\/\/yes-we-care-lille.com\/?page_id=196\" class=\"more-link\">Lire la suite de<span class=\"screen-reader-text\">\u00ab\u00a0CANC\u00c9ROLOGIE\u00a0\u00bb<\/span><\/a><\/p>\n","protected":false},"author":1,"featured_media":0,"parent":0,"menu_order":0,"comment_status":"closed","ping_status":"closed","template":"","meta":{"om_disable_all_campaigns":false,"_monsterinsights_skip_tracking":false,"_monsterinsights_sitenote_active":false,"_monsterinsights_sitenote_note":"","_monsterinsights_sitenote_category":0,"footnotes":""},"class_list":["post-196","page","type-page","status-publish","hentry"],"aioseo_notices":[],"yoast_head":"<!-- This site is optimized with the Yoast SEO plugin v22.1 - https:\/\/yoast.com\/wordpress\/plugins\/seo\/ -->\n<title>CANC\u00c9ROLOGIE - Yes We Care Lille 2023<\/title>\n<meta name=\"robots\" content=\"index, follow, max-snippet:-1, max-image-preview:large, max-video-preview:-1\" \/>\n<link rel=\"canonical\" href=\"https:\/\/yes-we-care-lille.com\/?page_id=196\" \/>\n<meta property=\"og:locale\" content=\"fr_FR\" \/>\n<meta property=\"og:type\" content=\"article\" \/>\n<meta property=\"og:title\" content=\"CANC\u00c9ROLOGIE - Yes We Care Lille 2023\" \/>\n<meta property=\"og:description\" content=\"La notion de r\u00e9seau de prise en charge en canc\u00e9rologie sur le P\u00f4le renforcera le maillage optimis\u00e9 des soins de support sur nos 4 \u00e9tablissements, en compl\u00e9ment d\u2019investissements innovants engag\u00e9s par les radioth\u00e9rapeutes. Les \u00e9quipes m\u00e9dicales de pneumologie et les \u00e9quipes de coordination canc\u00e9rologie ont lanc\u00e9 aupr\u00e8s des patients le projet R\u00e9silience sur l&rsquo;H\u00f4pital Priv\u00e9 &hellip; Lire la suite de\u00ab\u00a0CANC\u00c9ROLOGIE\u00a0\u00bb\" \/>\n<meta property=\"og:url\" content=\"https:\/\/yes-we-care-lille.com\/?page_id=196\" \/>\n<meta property=\"og:site_name\" content=\"Yes We Care Lille 2023\" \/>\n<meta property=\"article:modified_time\" content=\"2024-02-23T14:42:14+00:00\" \/>\n<meta property=\"og:image\" content=\"https:\/\/yes-we-care-lille.com\/wp-content\/uploads\/2024\/02\/cancero-1-1024x1024.jpeg\" \/>\n<meta name=\"twitter:card\" content=\"summary_large_image\" \/>\n<meta name=\"twitter:label1\" content=\"Dur\u00e9e de lecture estim\u00e9e\" \/>\n\t<meta name=\"twitter:data1\" content=\"2 minutes\" \/>\n<script type=\"application\/ld+json\" class=\"yoast-schema-graph\">{\"@context\":\"https:\/\/schema.org\",\"@graph\":[{\"@type\":\"WebPage\",\"@id\":\"https:\/\/yes-we-care-lille.com\/?page_id=196\",\"url\":\"https:\/\/yes-we-care-lille.com\/?page_id=196\",\"name\":\"CANC\u00c9ROLOGIE - Yes We Care Lille 2023\",\"isPartOf\":{\"@id\":\"https:\/\/yes-we-care-lille.com\/#website\"},\"datePublished\":\"2023-03-15T13:46:14+00:00\",\"dateModified\":\"2024-02-23T14:42:14+00:00\",\"breadcrumb\":{\"@id\":\"https:\/\/yes-we-care-lille.com\/?page_id=196#breadcrumb\"},\"inLanguage\":\"fr-FR\",\"potentialAction\":[{\"@type\":\"ReadAction\",\"target\":[\"https:\/\/yes-we-care-lille.com\/?page_id=196\"]}]},{\"@type\":\"BreadcrumbList\",\"@id\":\"https:\/\/yes-we-care-lille.com\/?page_id=196#breadcrumb\",\"itemListElement\":[{\"@type\":\"ListItem\",\"position\":1,\"name\":\"Accueil\",\"item\":\"https:\/\/yes-we-care-lille.com\/\"},{\"@type\":\"ListItem\",\"position\":2,\"name\":\"CANC\u00c9ROLOGIE\"}]},{\"@type\":\"WebSite\",\"@id\":\"https:\/\/yes-we-care-lille.com\/#website\",\"url\":\"https:\/\/yes-we-care-lille.com\/\",\"name\":\"Yes We Care Lille 2023\",\"description\":\"Projet m\u00e9dical du P\u00f4le Lille M\u00e9tropole - Ramsay Sant\u00e9\",\"publisher\":{\"@id\":\"https:\/\/yes-we-care-lille.com\/#organization\"},\"potentialAction\":[{\"@type\":\"SearchAction\",\"target\":{\"@type\":\"EntryPoint\",\"urlTemplate\":\"https:\/\/yes-we-care-lille.com\/?s={search_term_string}\"},\"query-input\":\"required name=search_term_string\"}],\"inLanguage\":\"fr-FR\"},{\"@type\":\"Organization\",\"@id\":\"https:\/\/yes-we-care-lille.com\/#organization\",\"name\":\"Yes We Care Lille 2023\",\"url\":\"https:\/\/yes-we-care-lille.com\/\",\"logo\":{\"@type\":\"ImageObject\",\"inLanguage\":\"fr-FR\",\"@id\":\"https:\/\/yes-we-care-lille.com\/#\/schema\/logo\/image\/\",\"url\":\"https:\/\/yes-we-care-lille.com\/wp-content\/uploads\/2023\/03\/cropped-logo-yeswecarelille2023-white.png\",\"contentUrl\":\"https:\/\/yes-we-care-lille.com\/wp-content\/uploads\/2023\/03\/cropped-logo-yeswecarelille2023-white.png\",\"width\":1080,\"height\":600,\"caption\":\"Yes We Care Lille 2023\"},\"image\":{\"@id\":\"https:\/\/yes-we-care-lille.com\/#\/schema\/logo\/image\/\"}}]}<\/script>\n<!-- \/ Yoast SEO plugin. -->","yoast_head_json":{"title":"CANC\u00c9ROLOGIE - Yes We Care Lille 2023","robots":{"index":"index","follow":"follow","max-snippet":"max-snippet:-1","max-image-preview":"max-image-preview:large","max-video-preview":"max-video-preview:-1"},"canonical":"https:\/\/yes-we-care-lille.com\/?page_id=196","og_locale":"fr_FR","og_type":"article","og_title":"CANC\u00c9ROLOGIE - Yes We Care Lille 2023","og_description":"La notion de r\u00e9seau de prise en charge en canc\u00e9rologie sur le P\u00f4le renforcera le maillage optimis\u00e9 des soins de support sur nos 4 \u00e9tablissements, en compl\u00e9ment d\u2019investissements innovants engag\u00e9s par les radioth\u00e9rapeutes. Les \u00e9quipes m\u00e9dicales de pneumologie et les \u00e9quipes de coordination canc\u00e9rologie ont lanc\u00e9 aupr\u00e8s des patients le projet R\u00e9silience sur l&rsquo;H\u00f4pital Priv\u00e9 &hellip; Lire la suite de\u00ab\u00a0CANC\u00c9ROLOGIE\u00a0\u00bb","og_url":"https:\/\/yes-we-care-lille.com\/?page_id=196","og_site_name":"Yes We Care Lille 2023","article_modified_time":"2024-02-23T14:42:14+00:00","og_image":[{"url":"https:\/\/yes-we-care-lille.com\/wp-content\/uploads\/2024\/02\/cancero-1-1024x1024.jpeg"}],"twitter_card":"summary_large_image","twitter_misc":{"Dur\u00e9e de lecture estim\u00e9e":"2 minutes"},"schema":{"@context":"https:\/\/schema.org","@graph":[{"@type":"WebPage","@id":"https:\/\/yes-we-care-lille.com\/?page_id=196","url":"https:\/\/yes-we-care-lille.com\/?page_id=196","name":"CANC\u00c9ROLOGIE - Yes We Care Lille 2023","isPartOf":{"@id":"https:\/\/yes-we-care-lille.com\/#website"},"datePublished":"2023-03-15T13:46:14+00:00","dateModified":"2024-02-23T14:42:14+00:00","breadcrumb":{"@id":"https:\/\/yes-we-care-lille.com\/?page_id=196#breadcrumb"},"inLanguage":"fr-FR","potentialAction":[{"@type":"ReadAction","target":["https:\/\/yes-we-care-lille.com\/?page_id=196"]}]},{"@type":"BreadcrumbList","@id":"https:\/\/yes-we-care-lille.com\/?page_id=196#breadcrumb","itemListElement":[{"@type":"ListItem","position":1,"name":"Accueil","item":"https:\/\/yes-we-care-lille.com\/"},{"@type":"ListItem","position":2,"name":"CANC\u00c9ROLOGIE"}]},{"@type":"WebSite","@id":"https:\/\/yes-we-care-lille.com\/#website","url":"https:\/\/yes-we-care-lille.com\/","name":"Yes We Care Lille 2023","description":"Projet m\u00e9dical du P\u00f4le Lille M\u00e9tropole - Ramsay Sant\u00e9","publisher":{"@id":"https:\/\/yes-we-care-lille.com\/#organization"},"potentialAction":[{"@type":"SearchAction","target":{"@type":"EntryPoint","urlTemplate":"https:\/\/yes-we-care-lille.com\/?s={search_term_string}"},"query-input":"required name=search_term_string"}],"inLanguage":"fr-FR"},{"@type":"Organization","@id":"https:\/\/yes-we-care-lille.com\/#organization","name":"Yes We Care Lille 2023","url":"https:\/\/yes-we-care-lille.com\/","logo":{"@type":"ImageObject","inLanguage":"fr-FR","@id":"https:\/\/yes-we-care-lille.com\/#\/schema\/logo\/image\/","url":"https:\/\/yes-we-care-lille.com\/wp-content\/uploads\/2023\/03\/cropped-logo-yeswecarelille2023-white.png","contentUrl":"https:\/\/yes-we-care-lille.com\/wp-content\/uploads\/2023\/03\/cropped-logo-yeswecarelille2023-white.png","width":1080,"height":600,"caption":"Yes We Care Lille 2023"},"image":{"@id":"https:\/\/yes-we-care-lille.com\/#\/schema\/logo\/image\/"}}]}},"_links":{"self":[{"href":"https:\/\/yes-we-care-lille.com\/index.php?rest_route=\/wp\/v2\/pages\/196","targetHints":{"allow":["GET"]}}],"collection":[{"href":"https:\/\/yes-we-care-lille.com\/index.php?rest_route=\/wp\/v2\/pages"}],"about":[{"href":"https:\/\/yes-we-care-lille.com\/index.php?rest_route=\/wp\/v2\/types\/page"}],"author":[{"embeddable":true,"href":"https:\/\/yes-we-care-lille.com\/index.php?rest_route=\/wp\/v2\/users\/1"}],"replies":[{"embeddable":true,"href":"https:\/\/yes-we-care-lille.com\/index.php?rest_route=%2Fwp%2Fv2%2Fcomments&post=196"}],"version-history":[{"count":13,"href":"https:\/\/yes-we-care-lille.com\/index.php?rest_route=\/wp\/v2\/pages\/196\/revisions"}],"predecessor-version":[{"id":850,"href":"https:\/\/yes-we-care-lille.com\/index.php?rest_route=\/wp\/v2\/pages\/196\/revisions\/850"}],"wp:attachment":[{"href":"https:\/\/yes-we-care-lille.com\/index.php?rest_route=%2Fwp%2Fv2%2Fmedia&parent=196"}],"curies":[{"name":"wp","href":"https:\/\/api.w.org\/{rel}","templated":true}]}}